{"id":85945,"date":"2020-10-31T11:42:31","date_gmt":"2020-10-31T08:42:31","guid":{"rendered":"https:\/\/www.turkishacoustic.com\/tr\/?page_id=85945"},"modified":"2021-07-08T15:53:52","modified_gmt":"2021-07-08T12:53:52","slug":"ses-yalitim-projeleri","status":"publish","type":"page","link":"https:\/\/www.turkishacoustic.com\/tr\/ses-yalitim-projeleri","title":{"rendered":"Ses Yal\u0131t\u0131m Projeleri"},"content":{"rendered":"<div class=\"entry\">\n\n\n\t<ul id=\"da-thumbs\">\n<li> <a href=\"\/tr\/telefon-konusma-kabini.html\" title=\"Telefon Konu\u015fma Kabinleri\"> <img loading=\"lazy\" decoding=\"async\" width=\"280\" height=\"200\" src=\"\/tr\/wp-content\/uploads\/2019\/08\/telefon-konu\u015fma-kabinleri-1.jpg\">\nOffice Phone Booths\n<p> <\/a><\/p>\n<p><a href=\"\/tr\/telefon-konusma-kabini.html\" title=\"Telefon Konu\u015fma Kabinleri\"><\/a><\/p>\n<p><a href=\"\/tr\/telefon-konusma-kabini.html\" title=\"Telefon Konu\u015fma Kabinleri\"> <\/a> <\/p>\n<h2><a href=\"\/tr\/telefon-konusma-kabini.html\" title=\"Telefon Konu\u015fma Kabinleri\"> <strong>Telefon<\/strong> Konu\u015fma Kabinleri <\/a><\/h2>\n<\/li>\n<li> <a href=\"\/tr\/akustik-ofis-kabinleri.html\" title=\"Akustik Ofis Kabinleri\"> <img loading=\"lazy\" decoding=\"async\" width=\"280\" height=\"200\" src=\"\/tr\/wp-content\/uploads\/2019\/08\/telefon-konu\u015fma-kabinleri.jpg\">\nOffice Air Cabin Pods\n<p> <\/a><\/p>\n<p><a href=\"\/tr\/akustik-ofis-kabinleri.html\" title=\"Akustik Ofis Kabinleri\"><\/a><\/p>\n<p><a href=\"\/tr\/akustik-ofis-kabinleri.html\" title=\"Akustik Ofis Kabinleri\"> <\/a> <\/p>\n<h2><a href=\"\/tr\/akustik-ofis-kabinleri.html\" title=\"Akustik Ofis Kabinleri\"> <strong>Akustik<\/strong> Ofis Kabinleri <\/a><\/h2>\n<\/li>\n<li> <a href=\"\/tr\/telefon-gorusme-kabinleri.html\" title=\"Telefon G\u00f6r\u00fc\u015fme Kabinleri\"> <img loading=\"lazy\" decoding=\"async\" width=\"280\" height=\"200\" src=\"\/tr\/wp-content\/uploads\/2019\/08\/akustik-ofis-kabinleri.jpg\">\nAcoustic Office Cabins\n<p> <\/a><\/p>\n<p><a href=\"\/tr\/telefon-gorusme-kabinleri.html\" title=\"Telefon G\u00f6r\u00fc\u015fme Kabinleri\"><\/a><\/p>\n<p><a href=\"\/tr\/telefon-gorusme-kabinleri.html\" title=\"Telefon G\u00f6r\u00fc\u015fme Kabinleri\"> <\/a> <\/p>\n<h2><a href=\"\/tr\/telefon-gorusme-kabinleri.html\" title=\"Telefon G\u00f6r\u00fc\u015fme Kabinleri\"> <strong>Telefon<\/strong> G\u00f6r\u00fc\u015fme Kabinleri <\/a><\/h2>\n<\/li>\n<li> <a href=\"\/tr\/bagimsiz-ofis-bolumleri.html\" title=\"Ba\u011f\u0131ms\u0131z Ofis B\u00f6l\u00fcmleri\"> <img loading=\"lazy\" decoding=\"async\" width=\"280\" height=\"200\" src=\"\/tr\/wp-content\/uploads\/2019\/08\/telefon-g\u00f6r\u00fc\u015fme-kabinleri.jpg\">\nOffice Meeting Room\n<p> <\/a><\/p>\n<p><a href=\"\/tr\/bagimsiz-ofis-bolumleri.html\" title=\"Ba\u011f\u0131ms\u0131z Ofis B\u00f6l\u00fcmleri\"><\/a><\/p>\n<p><a href=\"\/tr\/bagimsiz-ofis-bolumleri.html\" title=\"Ba\u011f\u0131ms\u0131z Ofis B\u00f6l\u00fcmleri\"> <\/a> <\/p>\n<h2><a href=\"\/tr\/bagimsiz-ofis-bolumleri.html\" title=\"Ba\u011f\u0131ms\u0131z Ofis B\u00f6l\u00fcmleri\"> <strong>Ba\u011f\u0131ms\u0131z<\/strong> Ofis B\u00f6l\u00fcmleri <\/a><\/h2>\n<\/li>\n<li> <a href=\"\/tr\/3d-akustik-panel.html\" title=\"3D Akustik Paneller\"> <img loading=\"lazy\" decoding=\"async\" width=\"280\" height=\"200\" src=\"\/tr\/wp-content\/uploads\/2019\/08\/3d-akustik-paneller-1.jpg\">\n3D Akustik Paneller\n<p> <\/a><\/p>\n<p><a href=\"\/tr\/3d-akustik-panel.html\" title=\"3D Akustik Paneller\"><\/a><\/p>\n<p><a href=\"\/tr\/3d-akustik-panel.html\" title=\"3D Akustik Paneller\"> <\/a> <\/p>\n<h2><a href=\"\/tr\/3d-akustik-panel.html\" title=\"3D Akustik Paneller\"> <strong>3D<\/strong> Akustik Paneller <\/a><\/h2>\n<\/li>\n<li> <a href=\"\/tr\/kanopi-asma-tavan.html\" title=\"Kanopi Tavan Panelleri\"> <img loading=\"lazy\" decoding=\"async\" width=\"280\" height=\"200\" src=\"\/tr\/wp-content\/uploads\/2019\/08\/kanopi-tavan-panelleri-1.jpg\">\nKanopi Tavan Panelleri\n<p> <\/a><\/p>\n<p><a href=\"\/tr\/kanopi-asma-tavan.html\" title=\"Kanopi Tavan Panelleri\"><\/a><\/p>\n<p><a href=\"\/tr\/kanopi-asma-tavan.html\" title=\"Kanopi Tavan Panelleri\"> <\/a> <\/p>\n<h2><a href=\"\/tr\/kanopi-asma-tavan.html\" title=\"Kanopi Tavan Panelleri\"> <strong>Kanopi<\/strong> Tavan Panelleri <\/a><\/h2>\n<\/li>\n<li> <a href=\"\/tr\/oval-tavan-panelleri.html\" title=\"Akustik Oval Paneller\"> <img loading=\"lazy\" decoding=\"async\" width=\"280\" height=\"200\" src=\"\/tr\/wp-content\/uploads\/2019\/08\/akustik-oval-paneller.jpg\">\nAkustik Oval Paneller\n<p> <\/a><\/p>\n<p><a href=\"\/tr\/oval-tavan-panelleri.html\" title=\"Akustik Oval Paneller\"><\/a><\/p>\n<p><a href=\"\/tr\/oval-tavan-panelleri.html\" title=\"Akustik Oval Paneller\"> <\/a> <\/p>\n<h2><a href=\"\/tr\/oval-tavan-panelleri.html\" title=\"Akustik Oval Paneller\"> <strong>Akustik<\/strong> Oval Paneller <\/a><\/h2>\n<\/li>\n<li> <a href=\"\/tr\/akustik-paravanlar.html\" title=\"Akustik Seperat\u00f6r Paravanlar\"> <img loading=\"lazy\" decoding=\"async\" width=\"280\" height=\"200\" src=\"\/tr\/wp-content\/uploads\/2019\/08\/akustik-seperat\u00f6r-paravanlar-1.jpg\">\nAkustik Seperat\u00f6r Paravanlar\n<p> <\/a><\/p>\n<p><a href=\"\/tr\/akustik-paravanlar.html\" title=\"Akustik Seperat\u00f6r Paravanlar\"><\/a><\/p>\n<p><a href=\"\/tr\/akustik-paravanlar.html\" title=\"Akustik Seperat\u00f6r Paravanlar\"> <\/a> <\/p>\n<h2><a href=\"\/tr\/akustik-paravanlar.html\" title=\"Akustik Seperat\u00f6r Paravanlar\"> <strong>Akustik<\/strong> Seperat\u00f6r Paravanlar <\/a><\/h2>\n<\/li>\n<li> <a href=\"\/tr\/ses-yutucu-totem.html\" title=\"Ses Yutucu Totem\"> <img loading=\"lazy\" decoding=\"async\" width=\"280\" height=\"200\" src=\"\/tr\/wp-content\/uploads\/2019\/08\/ses-yutucu-totem.jpg\">\nSes Yutucu Totem\n<p> <\/a><\/p>\n<p><a href=\"\/tr\/ses-yutucu-totem.html\" title=\"Ses Yutucu Totem\"><\/a><\/p>\n<p><a href=\"\/tr\/ses-yutucu-totem.html\" title=\"Ses Yutucu Totem\"> <\/a> <\/p>\n<h2><a href=\"\/tr\/ses-yutucu-totem.html\" title=\"Ses Yutucu Totem\"> <strong>Ses<\/strong> Yutucu Totem <\/a><\/h2>\n<\/li>\n<li> <a href=\"\/tr\/masa-seperatorleri.html\" title=\"Baffle Tavan Paneli\"> <img loading=\"lazy\" decoding=\"async\" width=\"280\" height=\"200\" src=\"\/tr\/wp-content\/uploads\/2019\/08\/baffle-tavan-paneli-1.jpg\">\nBaffle Tavan Paneli\n<p> <\/a><\/p>\n<p><a href=\"\/tr\/masa-seperatorleri.html\" title=\"Baffle Tavan Paneli\"><\/a><\/p>\n<p><a href=\"\/tr\/masa-seperatorleri.html\" title=\"Baffle Tavan Paneli\"> <\/a> <\/p>\n<h2><a href=\"\/tr\/baffle-akustik-tavan.html\" title=\"Baffle Tavan Paneli\"> <strong>Baffle<\/strong> Tavan Paneli <\/a><\/h2>\n<\/li>\n<li> <a href=\"\/tr\/cloth-screen-panel.html\" title=\"Cloth Screen Panel\"> <img loading=\"lazy\" decoding=\"async\" width=\"280\" height=\"200\" src=\"\/tr\/wp-content\/uploads\/2019\/08\/cloth-screen-panel.jpg\">\nCloth Screen Panel\n<p> <\/a><\/p>\n<p><a href=\"\/tr\/cloth-screen-panel.html\" title=\"Cloth Screen Panel\"><\/a><\/p>\n<p><a href=\"\/tr\/cloth-screen-panel.html\" title=\"Cloth Screen Panel\"> <\/a> <\/p>\n<h2><a href=\"\/tr\/masa-seperatorleri.html\" title=\"Cloth Screen Panel\"> <strong>Cloth<\/strong> Screen Panel <\/a><\/h2>\n<\/li>\n<li> <a href=\"\/tr\/masa-seperatorleri.html\" title=\"Akustik Y\u00fczer Tavan\"> <img loading=\"lazy\" decoding=\"async\" width=\"280\" height=\"200\" src=\"\/tr\/wp-content\/uploads\/2019\/08\/akustik-y\u00fczer-tavan.jpg\">\nAkustik Y\u00fczer Tavan\n<p> <\/a><\/p>\n<p><a href=\"\/tr\/masa-seperatorleri.html\" title=\"Akustik Y\u00fczer Tavan\"><\/a><\/p>\n<p><a href=\"\/tr\/masa-seperatorleri.html\" title=\"Akustik Y\u00fczer Tavan\"> <\/a> <\/p>\n<h2><a href=\"\/tr\/akustik-yuzer-tavan.html\" title=\"Akustik Y\u00fczer Tavan\"> <strong>Akustik<\/strong> Y\u00fczer Tavan <\/a><\/h2>\n<\/li>\n<\/ul>\n\n\n<\/div>","protected":false},"excerpt":{"rendered":"Office Phone Booths Telefon Konu\u015fma Kabinleri Office Air Cabin Pods Akustik Ofis Kabinleri Acoustic Office Cabins Telefon G\u00f6r\u00fc\u015fme Kabinleri Office Meeting Room Ba\u011f\u0131ms\u0131z Ofis B\u00f6l\u00fcmleri 3D Akustik Paneller 3D Akustik Paneller Kanopi Tavan Panelleri Kanopi Tavan Panelleri Akustik Oval Paneller Akustik Oval Paneller Akustik Seperat\u00f6r Paravanlar Akustik Seperat\u00f6r Paravanlar Ses Yutucu Totem Ses Yutucu Totem &#8230;","protected":false},"author":1,"featured_media":135238,"parent":0,"menu_order":0,"comment_status":"closed","ping_status":"closed","template":"","meta":{"footnotes":""},"class_list":["post-85945","page","type-page","status-publish","has-post-thumbnail"],"_links":{"self":[{"href":"https:\/\/www.turkishacoustic.com\/tr\/wp-json\/wp\/v2\/pages\/85945"}],"collection":[{"href":"https:\/\/www.turkishacoustic.com\/tr\/wp-json\/wp\/v2\/pages"}],"about":[{"href":"https:\/\/www.turkishacoustic.com\/tr\/wp-json\/wp\/v2\/types\/page"}],"author":[{"embeddable":true,"href":"https:\/\/www.turkishacoustic.com\/tr\/wp-json\/wp\/v2\/users\/1"}],"replies":[{"embeddable":true,"href":"https:\/\/www.turkishacoustic.com\/tr\/wp-json\/wp\/v2\/comments?post=85945"}],"version-history":[{"count":6,"href":"https:\/\/www.turkishacoustic.com\/tr\/wp-json\/wp\/v2\/pages\/85945\/revisions"}],"predecessor-version":[{"id":136924,"href":"https:\/\/www.turkishacoustic.com\/tr\/wp-json\/wp\/v2\/pages\/85945\/revisions\/136924"}],"wp:featuredmedia":[{"embeddable":true,"href":"https:\/\/www.turkishacoustic.com\/tr\/wp-json\/wp\/v2\/media\/135238"}],"wp:attachment":[{"href":"https:\/\/www.turkishacoustic.com\/tr\/wp-json\/wp\/v2\/media?parent=85945"}],"curies":[{"name":"wp","href":"https:\/\/api.w.org\/{rel}","templated":true}]}}