{"id":38681,"date":"2020-10-31T10:15:49","date_gmt":"2020-10-31T07:15:49","guid":{"rendered":"https:\/\/www.basotectsunger.net\/?page_id=38681"},"modified":"2020-11-17T13:03:26","modified_gmt":"2020-11-17T10:03:26","slug":"ses-izolasyon-malzemeleri","status":"publish","type":"page","link":"https:\/\/www.turkishacoustic.com\/tr\/ses-izolasyon-malzemeleri","title":{"rendered":"Ses \u0130zolasyon Malzemeleri"},"content":{"rendered":"<div class=\"entry\">\n\n\n\t<div id='gallery-2' class='gallery galleryid-38681 gallery-columns-5 gallery-size-thumbnail'><div class='gallery-item'>\n\t\t\t<div class='gallery-icon landscape'>\n\t\t\t\t<a title=\"Trk Piramit K\u00f6p\u00fck\"  href='https:\/\/www.turkishacoustic.com\/tr\/wp-content\/uploads\/2020\/11\/trk-ses-yal\u0131t\u0131m-malzemesi-1.jpeg'><img loading=\"lazy\" decoding=\"async\" width=\"280\" height=\"200\" src=\"https:\/\/www.turkishacoustic.com\/tr\/wp-content\/uploads\/2020\/11\/trk-ses-yal\u0131t\u0131m-malzemesi-1-280x200.jpeg\" class=\"attachment-thumbnail size-thumbnail\" alt=\"\" aria-describedby=\"gallery-2-133954\" srcset=\"https:\/\/www.turkishacoustic.com\/tr\/wp-content\/uploads\/2020\/11\/trk-ses-yal\u0131t\u0131m-malzemesi-1-280x200.jpeg 280w, https:\/\/www.turkishacoustic.com\/tr\/wp-content\/uploads\/2020\/11\/trk-ses-yal\u0131t\u0131m-malzemesi-1-210x150.jpeg 210w\" sizes=\"(max-width: 280px) 100vw, 280px\" \/><\/a>\n\t\t\t<\/div>\n\t\t\t\t<p class='wp-caption-text gallery-caption' id='gallery-2-133954'>\n\t\t\t\t<a target=\"_blank\" href=\"\/tr\/trk-piramit-kopuk.html\" rel=\"noopener noreferrer\">Trk Piramit K\u00f6p\u00fck<\/a>\n\t\t\t\t<\/p><\/div><div class='gallery-item'>\n\t\t\t<div class='gallery-icon landscape'>\n\t\t\t\t<a title=\"Trk Yumurta K\u00f6p\u00fck\"  href='https:\/\/www.turkishacoustic.com\/tr\/wp-content\/uploads\/2020\/11\/trk-ses-yal\u0131t\u0131m-malzemesi-2.jpeg'><img loading=\"lazy\" decoding=\"async\" width=\"280\" height=\"200\" src=\"https:\/\/www.turkishacoustic.com\/tr\/wp-content\/uploads\/2020\/11\/trk-ses-yal\u0131t\u0131m-malzemesi-2-280x200.jpeg\" class=\"attachment-thumbnail size-thumbnail\" alt=\"\" aria-describedby=\"gallery-2-133955\" srcset=\"https:\/\/www.turkishacoustic.com\/tr\/wp-content\/uploads\/2020\/11\/trk-ses-yal\u0131t\u0131m-malzemesi-2-280x200.jpeg 280w, https:\/\/www.turkishacoustic.com\/tr\/wp-content\/uploads\/2020\/11\/trk-ses-yal\u0131t\u0131m-malzemesi-2-210x150.jpeg 210w\" sizes=\"(max-width: 280px) 100vw, 280px\" \/><\/a>\n\t\t\t<\/div>\n\t\t\t\t<p class='wp-caption-text gallery-caption' id='gallery-2-133955'>\n\t\t\t\t<a target=\"_blank\" href=\"\/tr\/trk-yumurta-kopuk.html\" rel=\"noopener noreferrer\">Trk Yumurta K\u00f6p\u00fck<\/a>\n\t\t\t\t<\/p><\/div><div class='gallery-item'>\n\t\t\t<div class='gallery-icon landscape'>\n\t\t\t\t<a title=\"Trk Labirent K\u00f6p\u00fck\"  href='https:\/\/www.turkishacoustic.com\/tr\/wp-content\/uploads\/2020\/11\/trk-ses-yal\u0131t\u0131m-malzemesi-3.jpeg'><img loading=\"lazy\" decoding=\"async\" width=\"280\" height=\"200\" src=\"https:\/\/www.turkishacoustic.com\/tr\/wp-content\/uploads\/2020\/11\/trk-ses-yal\u0131t\u0131m-malzemesi-3-280x200.jpeg\" class=\"attachment-thumbnail size-thumbnail\" alt=\"\" aria-describedby=\"gallery-2-133956\" srcset=\"https:\/\/www.turkishacoustic.com\/tr\/wp-content\/uploads\/2020\/11\/trk-ses-yal\u0131t\u0131m-malzemesi-3-280x200.jpeg 280w, https:\/\/www.turkishacoustic.com\/tr\/wp-content\/uploads\/2020\/11\/trk-ses-yal\u0131t\u0131m-malzemesi-3-210x150.jpeg 210w\" sizes=\"(max-width: 280px) 100vw, 280px\" \/><\/a>\n\t\t\t<\/div>\n\t\t\t\t<p class='wp-caption-text gallery-caption' id='gallery-2-133956'>\n\t\t\t\t<a target=\"_blank\" href=\"\/tr\/trk-labirent-kopuk.html\" rel=\"noopener noreferrer\">Trk Labirent K\u00f6p\u00fck<\/a>\n\t\t\t\t<\/p><\/div><div class='gallery-item'>\n\t\t\t<div class='gallery-icon landscape'>\n\t\t\t\t<a title=\"Trk Special K\u00f6p\u00fck\"  href='https:\/\/www.turkishacoustic.com\/tr\/wp-content\/uploads\/2020\/11\/trk-ses-yal\u0131t\u0131m-malzemesi-4.jpeg'><img loading=\"lazy\" decoding=\"async\" width=\"280\" height=\"200\" src=\"https:\/\/www.turkishacoustic.com\/tr\/wp-content\/uploads\/2020\/11\/trk-ses-yal\u0131t\u0131m-malzemesi-4-280x200.jpeg\" class=\"attachment-thumbnail size-thumbnail\" alt=\"\" aria-describedby=\"gallery-2-133957\" srcset=\"https:\/\/www.turkishacoustic.com\/tr\/wp-content\/uploads\/2020\/11\/trk-ses-yal\u0131t\u0131m-malzemesi-4-280x200.jpeg 280w, https:\/\/www.turkishacoustic.com\/tr\/wp-content\/uploads\/2020\/11\/trk-ses-yal\u0131t\u0131m-malzemesi-4-210x150.jpeg 210w\" sizes=\"(max-width: 280px) 100vw, 280px\" \/><\/a>\n\t\t\t<\/div>\n\t\t\t\t<p class='wp-caption-text gallery-caption' id='gallery-2-133957'>\n\t\t\t\t<a target=\"_blank\" href=\"\/tr\/trk-special-kopuk.html\" rel=\"noopener noreferrer\">Trk Special K\u00f6p\u00fck<\/a>\n\t\t\t\t<\/p><\/div><div class='gallery-item'>\n\t\t\t<div class='gallery-icon landscape'>\n\t\t\t\t<a title=\"Trk D\u00fcz K\u00f6p\u00fck\"  href='https:\/\/www.turkishacoustic.com\/tr\/wp-content\/uploads\/2020\/11\/trk-ses-yal\u0131t\u0131m-malzemesi-5.jpeg'><img loading=\"lazy\" decoding=\"async\" width=\"280\" height=\"200\" src=\"https:\/\/www.turkishacoustic.com\/tr\/wp-content\/uploads\/2020\/11\/trk-ses-yal\u0131t\u0131m-malzemesi-5-280x200.jpeg\" class=\"attachment-thumbnail size-thumbnail\" alt=\"\" aria-describedby=\"gallery-2-133958\" srcset=\"https:\/\/www.turkishacoustic.com\/tr\/wp-content\/uploads\/2020\/11\/trk-ses-yal\u0131t\u0131m-malzemesi-5-280x200.jpeg 280w, https:\/\/www.turkishacoustic.com\/tr\/wp-content\/uploads\/2020\/11\/trk-ses-yal\u0131t\u0131m-malzemesi-5-210x150.jpeg 210w\" sizes=\"(max-width: 280px) 100vw, 280px\" \/><\/a>\n\t\t\t<\/div>\n\t\t\t\t<p class='wp-caption-text gallery-caption' id='gallery-2-133958'>\n\t\t\t\t<a target=\"_blank\" href=\"\/tr\/trk-duz-kopuk.html\" rel=\"noopener noreferrer\">Trk D\u00fcz K\u00f6p\u00fck<\/a>\n\t\t\t\t<\/p><\/div><div class='gallery-item'>\n\t\t\t<div class='gallery-icon landscape'>\n\t\t\t\t<a title=\"Trk Rulo Polietilen\"  href='https:\/\/www.turkishacoustic.com\/tr\/wp-content\/uploads\/2020\/11\/trk-ses-yal\u0131t\u0131m-malzemesi-6.jpeg'><img loading=\"lazy\" decoding=\"async\" width=\"280\" height=\"200\" src=\"https:\/\/www.turkishacoustic.com\/tr\/wp-content\/uploads\/2020\/11\/trk-ses-yal\u0131t\u0131m-malzemesi-6-280x200.jpeg\" class=\"attachment-thumbnail size-thumbnail\" alt=\"\" aria-describedby=\"gallery-2-133959\" srcset=\"https:\/\/www.turkishacoustic.com\/tr\/wp-content\/uploads\/2020\/11\/trk-ses-yal\u0131t\u0131m-malzemesi-6-280x200.jpeg 280w, https:\/\/www.turkishacoustic.com\/tr\/wp-content\/uploads\/2020\/11\/trk-ses-yal\u0131t\u0131m-malzemesi-6-210x150.jpeg 210w\" sizes=\"(max-width: 280px) 100vw, 280px\" \/><\/a>\n\t\t\t<\/div>\n\t\t\t\t<p class='wp-caption-text gallery-caption' id='gallery-2-133959'>\n\t\t\t\t<a target=\"_blank\" href=\"\/tr\/trk-rulo-polietilen.html\" rel=\"noopener noreferrer\">Trk Rulo Polietilen<\/a>\n\t\t\t\t<\/p><\/div><div class='gallery-item'>\n\t\t\t<div class='gallery-icon landscape'>\n\t\t\t\t<a title=\"Trk Rubber Tech\"  href='https:\/\/www.turkishacoustic.com\/tr\/wp-content\/uploads\/2020\/11\/trk-ses-yal\u0131t\u0131m-malzemesi-7.jpeg'><img loading=\"lazy\" decoding=\"async\" width=\"280\" height=\"200\" src=\"https:\/\/www.turkishacoustic.com\/tr\/wp-content\/uploads\/2020\/11\/trk-ses-yal\u0131t\u0131m-malzemesi-7-280x200.jpeg\" class=\"attachment-thumbnail size-thumbnail\" alt=\"\" aria-describedby=\"gallery-2-133960\" srcset=\"https:\/\/www.turkishacoustic.com\/tr\/wp-content\/uploads\/2020\/11\/trk-ses-yal\u0131t\u0131m-malzemesi-7-280x200.jpeg 280w, https:\/\/www.turkishacoustic.com\/tr\/wp-content\/uploads\/2020\/11\/trk-ses-yal\u0131t\u0131m-malzemesi-7-210x150.jpeg 210w\" sizes=\"(max-width: 280px) 100vw, 280px\" \/><\/a>\n\t\t\t<\/div>\n\t\t\t\t<p class='wp-caption-text gallery-caption' id='gallery-2-133960'>\n\t\t\t\t<a target=\"_blank\" href=\"\/tr\/trk-rubber-tech.html\" rel=\"noopener noreferrer\">Trk Rubber Tech<\/a>\n\t\t\t\t<\/p><\/div><div class='gallery-item'>\n\t\t\t<div class='gallery-icon landscape'>\n\t\t\t\t<a title=\"Trk Rubber Cork\"  href='https:\/\/www.turkishacoustic.com\/tr\/wp-content\/uploads\/2020\/11\/trk-ses-yal\u0131t\u0131m-malzemesi-8.jpeg'><img loading=\"lazy\" decoding=\"async\" width=\"280\" height=\"200\" src=\"https:\/\/www.turkishacoustic.com\/tr\/wp-content\/uploads\/2020\/11\/trk-ses-yal\u0131t\u0131m-malzemesi-8-280x200.jpeg\" class=\"attachment-thumbnail size-thumbnail\" alt=\"\" aria-describedby=\"gallery-2-133961\" srcset=\"https:\/\/www.turkishacoustic.com\/tr\/wp-content\/uploads\/2020\/11\/trk-ses-yal\u0131t\u0131m-malzemesi-8-280x200.jpeg 280w, https:\/\/www.turkishacoustic.com\/tr\/wp-content\/uploads\/2020\/11\/trk-ses-yal\u0131t\u0131m-malzemesi-8-210x150.jpeg 210w\" sizes=\"(max-width: 280px) 100vw, 280px\" \/><\/a>\n\t\t\t<\/div>\n\t\t\t\t<p class='wp-caption-text gallery-caption' id='gallery-2-133961'>\n\t\t\t\t<a target=\"_blank\" href=\"\/tr\/trk-rubber-cork.html\" rel=\"noopener noreferrer\">Trk Rubber Cork<\/a>\n\t\t\t\t<\/p><\/div><div class='gallery-item'>\n\t\t\t<div class='gallery-icon landscape'>\n\t\t\t\t<a title=\"Trk Ses Bariyeri\"  href='https:\/\/www.turkishacoustic.com\/tr\/wp-content\/uploads\/2020\/11\/trk-ses-yal\u0131t\u0131m-malzemesi-9.jpeg'><img loading=\"lazy\" decoding=\"async\" width=\"280\" height=\"200\" src=\"https:\/\/www.turkishacoustic.com\/tr\/wp-content\/uploads\/2020\/11\/trk-ses-yal\u0131t\u0131m-malzemesi-9-280x200.jpeg\" class=\"attachment-thumbnail size-thumbnail\" alt=\"\" aria-describedby=\"gallery-2-133962\" srcset=\"https:\/\/www.turkishacoustic.com\/tr\/wp-content\/uploads\/2020\/11\/trk-ses-yal\u0131t\u0131m-malzemesi-9-280x200.jpeg 280w, https:\/\/www.turkishacoustic.com\/tr\/wp-content\/uploads\/2020\/11\/trk-ses-yal\u0131t\u0131m-malzemesi-9-210x150.jpeg 210w\" sizes=\"(max-width: 280px) 100vw, 280px\" \/><\/a>\n\t\t\t<\/div>\n\t\t\t\t<p class='wp-caption-text gallery-caption' id='gallery-2-133962'>\n\t\t\t\t<a target=\"_blank\" href=\"\/tr\/trk-ses-bariyeri.html\" rel=\"noopener noreferrer\">Trk Ses Bariyeri<\/a>\n\t\t\t\t<\/p><\/div><div class='gallery-item'>\n\t\t\t<div class='gallery-icon landscape'>\n\t\t\t\t<a title=\"Trk Roller Tech\"  href='https:\/\/www.turkishacoustic.com\/tr\/wp-content\/uploads\/2020\/11\/trk-ses-yal\u0131t\u0131m-malzemesi-10.jpeg'><img loading=\"lazy\" decoding=\"async\" width=\"280\" height=\"200\" src=\"https:\/\/www.turkishacoustic.com\/tr\/wp-content\/uploads\/2020\/11\/trk-ses-yal\u0131t\u0131m-malzemesi-10-280x200.jpeg\" class=\"attachment-thumbnail size-thumbnail\" alt=\"\" aria-describedby=\"gallery-2-133963\" srcset=\"https:\/\/www.turkishacoustic.com\/tr\/wp-content\/uploads\/2020\/11\/trk-ses-yal\u0131t\u0131m-malzemesi-10-280x200.jpeg 280w, https:\/\/www.turkishacoustic.com\/tr\/wp-content\/uploads\/2020\/11\/trk-ses-yal\u0131t\u0131m-malzemesi-10-210x150.jpeg 210w\" sizes=\"(max-width: 280px) 100vw, 280px\" \/><\/a>\n\t\t\t<\/div>\n\t\t\t\t<p class='wp-caption-text gallery-caption' id='gallery-2-133963'>\n\t\t\t\t<a target=\"_blank\" href=\"\/tr\/trk-roller-tech.html\" rel=\"noopener noreferrer\">Trk Roller Tech<\/a>\n\t\t\t\t<\/p><\/div><div class='gallery-item'>\n\t\t\t<div class='gallery-icon landscape'>\n\t\t\t\t<a title=\"Trk Roller Sound\"  href='https:\/\/www.turkishacoustic.com\/tr\/wp-content\/uploads\/2020\/11\/trk-ses-yal\u0131t\u0131m-malzemesi-11.jpeg'><img loading=\"lazy\" decoding=\"async\" width=\"280\" height=\"200\" src=\"https:\/\/www.turkishacoustic.com\/tr\/wp-content\/uploads\/2020\/11\/trk-ses-yal\u0131t\u0131m-malzemesi-11-280x200.jpeg\" class=\"attachment-thumbnail size-thumbnail\" alt=\"\" aria-describedby=\"gallery-2-133964\" srcset=\"https:\/\/www.turkishacoustic.com\/tr\/wp-content\/uploads\/2020\/11\/trk-ses-yal\u0131t\u0131m-malzemesi-11-280x200.jpeg 280w, https:\/\/www.turkishacoustic.com\/tr\/wp-content\/uploads\/2020\/11\/trk-ses-yal\u0131t\u0131m-malzemesi-11-210x150.jpeg 210w\" sizes=\"(max-width: 280px) 100vw, 280px\" \/><\/a>\n\t\t\t<\/div>\n\t\t\t\t<p class='wp-caption-text gallery-caption' id='gallery-2-133964'>\n\t\t\t\t<a target=\"_blank\" href=\"\/tr\/trk-roller-sound.html\" rel=\"noopener noreferrer\">Trk Roller Sound<\/a>\n\t\t\t\t<\/p><\/div><div class='gallery-item'>\n\t\t\t<div class='gallery-icon landscape'>\n\t\t\t\t<a title=\"Trk Ses Bond\"  href='https:\/\/www.turkishacoustic.com\/tr\/wp-content\/uploads\/2020\/11\/trk-ses-yal\u0131t\u0131m-malzemesi-12.jpeg'><img loading=\"lazy\" decoding=\"async\" width=\"280\" height=\"200\" src=\"https:\/\/www.turkishacoustic.com\/tr\/wp-content\/uploads\/2020\/11\/trk-ses-yal\u0131t\u0131m-malzemesi-12-280x200.jpeg\" class=\"attachment-thumbnail size-thumbnail\" alt=\"\" aria-describedby=\"gallery-2-133965\" srcset=\"https:\/\/www.turkishacoustic.com\/tr\/wp-content\/uploads\/2020\/11\/trk-ses-yal\u0131t\u0131m-malzemesi-12-280x200.jpeg 280w, https:\/\/www.turkishacoustic.com\/tr\/wp-content\/uploads\/2020\/11\/trk-ses-yal\u0131t\u0131m-malzemesi-12-210x150.jpeg 210w\" sizes=\"(max-width: 280px) 100vw, 280px\" \/><\/a>\n\t\t\t<\/div>\n\t\t\t\t<p class='wp-caption-text gallery-caption' id='gallery-2-133965'>\n\t\t\t\t<a target=\"_blank\" href=\"\/tr\/trk-ses-bond.html\" rel=\"noopener noreferrer\">Trk Ses bond<\/a>\n\t\t\t\t<\/p><\/div><div class='gallery-item'>\n\t\t\t<div class='gallery-icon landscape'>\n\t\t\t\t<a title=\"Trk Akustik Bant\"  href='https:\/\/www.turkishacoustic.com\/tr\/wp-content\/uploads\/2020\/11\/trk-ses-yal\u0131t\u0131m-malzemesi-13.jpeg'><img loading=\"lazy\" decoding=\"async\" width=\"280\" height=\"200\" src=\"https:\/\/www.turkishacoustic.com\/tr\/wp-content\/uploads\/2020\/11\/trk-ses-yal\u0131t\u0131m-malzemesi-13-280x200.jpeg\" class=\"attachment-thumbnail size-thumbnail\" alt=\"\" aria-describedby=\"gallery-2-133966\" srcset=\"https:\/\/www.turkishacoustic.com\/tr\/wp-content\/uploads\/2020\/11\/trk-ses-yal\u0131t\u0131m-malzemesi-13-280x200.jpeg 280w, https:\/\/www.turkishacoustic.com\/tr\/wp-content\/uploads\/2020\/11\/trk-ses-yal\u0131t\u0131m-malzemesi-13-210x150.jpeg 210w\" sizes=\"(max-width: 280px) 100vw, 280px\" \/><\/a>\n\t\t\t<\/div>\n\t\t\t\t<p class='wp-caption-text gallery-caption' id='gallery-2-133966'>\n\t\t\t\t<a target=\"_blank\" href=\"\/tr\/trk-akustik-bant.html\" rel=\"noopener noreferrer\">Trk Akustik Bant<\/a>\n\t\t\t\t<\/p><\/div><div class='gallery-item'>\n\t\t\t<div class='gallery-icon landscape'>\n\t\t\t\t<a title=\"Trk Akustik Takoz\"  href='https:\/\/www.turkishacoustic.com\/tr\/wp-content\/uploads\/2020\/11\/trk-ses-yal\u0131t\u0131m-malzemesi-14.jpeg'><img loading=\"lazy\" decoding=\"async\" width=\"280\" height=\"200\" src=\"https:\/\/www.turkishacoustic.com\/tr\/wp-content\/uploads\/2020\/11\/trk-ses-yal\u0131t\u0131m-malzemesi-14-280x200.jpeg\" class=\"attachment-thumbnail size-thumbnail\" alt=\"\" aria-describedby=\"gallery-2-133967\" srcset=\"https:\/\/www.turkishacoustic.com\/tr\/wp-content\/uploads\/2020\/11\/trk-ses-yal\u0131t\u0131m-malzemesi-14-280x200.jpeg 280w, https:\/\/www.turkishacoustic.com\/tr\/wp-content\/uploads\/2020\/11\/trk-ses-yal\u0131t\u0131m-malzemesi-14-210x150.jpeg 210w\" sizes=\"(max-width: 280px) 100vw, 280px\" \/><\/a>\n\t\t\t<\/div>\n\t\t\t\t<p class='wp-caption-text gallery-caption' id='gallery-2-133967'>\n\t\t\t\t<a target=\"_blank\" href=\"\/tr\/trk-akustik-takoz.html\" rel=\"noopener noreferrer\">Trk Akustik Takoz<\/a>\n\t\t\t\t<\/p><\/div><div class='gallery-item'>\n\t\t\t<div class='gallery-icon landscape'>\n\t\t\t\t<a title=\"Trk Yap\u0131\u015ft\u0131r\u0131c\u0131lar\"  href='https:\/\/www.turkishacoustic.com\/tr\/wp-content\/uploads\/2020\/11\/trk-ses-yal\u0131t\u0131m-malzemesi-15.jpeg'><img loading=\"lazy\" decoding=\"async\" width=\"280\" height=\"200\" src=\"https:\/\/www.turkishacoustic.com\/tr\/wp-content\/uploads\/2020\/11\/trk-ses-yal\u0131t\u0131m-malzemesi-15-280x200.jpeg\" class=\"attachment-thumbnail size-thumbnail\" alt=\"\" aria-describedby=\"gallery-2-133968\" srcset=\"https:\/\/www.turkishacoustic.com\/tr\/wp-content\/uploads\/2020\/11\/trk-ses-yal\u0131t\u0131m-malzemesi-15-280x200.jpeg 280w, https:\/\/www.turkishacoustic.com\/tr\/wp-content\/uploads\/2020\/11\/trk-ses-yal\u0131t\u0131m-malzemesi-15-210x150.jpeg 210w\" sizes=\"(max-width: 280px) 100vw, 280px\" \/><\/a>\n\t\t\t<\/div>\n\t\t\t\t<p class='wp-caption-text gallery-caption' id='gallery-2-133968'>\n\t\t\t\t<a target=\"_blank\" href=\"\/tr\/trk-yapistircilar.html\" rel=\"noopener noreferrer\">Trk Yap\u0131\u015ft\u0131rc\u0131lar<\/a>\n\t\t\t\t<\/p><\/div><div class='gallery-item'>\n\t\t\t<div class='gallery-icon landscape'>\n\t\t\t\t<a title=\"Trk Kau\u00e7uk S\u00fcnger\"  href='https:\/\/www.turkishacoustic.com\/tr\/wp-content\/uploads\/2020\/11\/trk-ses-yal\u0131t\u0131m-malzemesi-16.jpeg'><img loading=\"lazy\" decoding=\"async\" width=\"280\" height=\"200\" src=\"https:\/\/www.turkishacoustic.com\/tr\/wp-content\/uploads\/2020\/11\/trk-ses-yal\u0131t\u0131m-malzemesi-16-280x200.jpeg\" class=\"attachment-thumbnail size-thumbnail\" alt=\"\" aria-describedby=\"gallery-2-133969\" srcset=\"https:\/\/www.turkishacoustic.com\/tr\/wp-content\/uploads\/2020\/11\/trk-ses-yal\u0131t\u0131m-malzemesi-16-280x200.jpeg 280w, https:\/\/www.turkishacoustic.com\/tr\/wp-content\/uploads\/2020\/11\/trk-ses-yal\u0131t\u0131m-malzemesi-16-210x150.jpeg 210w\" sizes=\"(max-width: 280px) 100vw, 280px\" \/><\/a>\n\t\t\t<\/div>\n\t\t\t\t<p class='wp-caption-text gallery-caption' id='gallery-2-133969'>\n\t\t\t\t<a target=\"_blank\" href=\"\/tr\/trk-kaucuk-sunger.html\" rel=\"noopener noreferrer\">Trk Kau\u00e7uk S\u00fcnger<\/a>\n\t\t\t\t<\/p><\/div><div class='gallery-item'>\n\t\t\t<div class='gallery-icon landscape'>\n\t\t\t\t<a title=\"Trk Rulo S\u00fcnger\"  href='https:\/\/www.turkishacoustic.com\/tr\/wp-content\/uploads\/2020\/11\/trk-ses-yal\u0131t\u0131m-malzemesi-17.jpeg'><img loading=\"lazy\" decoding=\"async\" width=\"280\" height=\"200\" src=\"https:\/\/www.turkishacoustic.com\/tr\/wp-content\/uploads\/2020\/11\/trk-ses-yal\u0131t\u0131m-malzemesi-17-280x200.jpeg\" class=\"attachment-thumbnail size-thumbnail\" alt=\"\" aria-describedby=\"gallery-2-133970\" srcset=\"https:\/\/www.turkishacoustic.com\/tr\/wp-content\/uploads\/2020\/11\/trk-ses-yal\u0131t\u0131m-malzemesi-17-280x200.jpeg 280w, https:\/\/www.turkishacoustic.com\/tr\/wp-content\/uploads\/2020\/11\/trk-ses-yal\u0131t\u0131m-malzemesi-17-210x150.jpeg 210w\" sizes=\"(max-width: 280px) 100vw, 280px\" \/><\/a>\n\t\t\t<\/div>\n\t\t\t\t<p class='wp-caption-text gallery-caption' id='gallery-2-133970'>\n\t\t\t\t<a target=\"_blank\" href=\"\/tr\/trk-rulo-sunger.html\" rel=\"noopener noreferrer\">Trk Rulo S\u00fcnger<\/a>\n\t\t\t\t<\/p><\/div><div class='gallery-item'>\n\t\t\t<div class='gallery-icon landscape'>\n\t\t\t\t<a title=\"Trk Kau\u00e7uk S\u00fcnger\"  href='https:\/\/www.turkishacoustic.com\/tr\/wp-content\/uploads\/2020\/11\/trk-ses-yal\u0131t\u0131m-malzemesi-18.jpeg'><img loading=\"lazy\" decoding=\"async\" width=\"280\" height=\"200\" src=\"https:\/\/www.turkishacoustic.com\/tr\/wp-content\/uploads\/2020\/11\/trk-ses-yal\u0131t\u0131m-malzemesi-18-280x200.jpeg\" class=\"attachment-thumbnail size-thumbnail\" alt=\"\" aria-describedby=\"gallery-2-133971\" srcset=\"https:\/\/www.turkishacoustic.com\/tr\/wp-content\/uploads\/2020\/11\/trk-ses-yal\u0131t\u0131m-malzemesi-18-280x200.jpeg 280w, https:\/\/www.turkishacoustic.com\/tr\/wp-content\/uploads\/2020\/11\/trk-ses-yal\u0131t\u0131m-malzemesi-18-210x150.jpeg 210w\" sizes=\"(max-width: 280px) 100vw, 280px\" \/><\/a>\n\t\t\t<\/div>\n\t\t\t\t<p class='wp-caption-text gallery-caption' id='gallery-2-133971'>\n\t\t\t\t<a target=\"_blank\" href=\"\/tr\/trk-kaucuk-sunger.html\" rel=\"noopener noreferrer\">Trk Kau\u00e7uk S\u00fcnger<\/a>\n\t\t\t\t<\/p><\/div><div class='gallery-item'>\n\t\t\t<div class='gallery-icon landscape'>\n\t\t\t\t<a title=\"Trk Kau\u00e7uk S\u00fcnger\"  href='https:\/\/www.turkishacoustic.com\/tr\/wp-content\/uploads\/2020\/11\/trk-ses-yal\u0131t\u0131m-malzemesi-19.jpeg'><img loading=\"lazy\" decoding=\"async\" width=\"280\" height=\"200\" src=\"https:\/\/www.turkishacoustic.com\/tr\/wp-content\/uploads\/2020\/11\/trk-ses-yal\u0131t\u0131m-malzemesi-19-280x200.jpeg\" class=\"attachment-thumbnail size-thumbnail\" alt=\"\" aria-describedby=\"gallery-2-133972\" srcset=\"https:\/\/www.turkishacoustic.com\/tr\/wp-content\/uploads\/2020\/11\/trk-ses-yal\u0131t\u0131m-malzemesi-19-280x200.jpeg 280w, https:\/\/www.turkishacoustic.com\/tr\/wp-content\/uploads\/2020\/11\/trk-ses-yal\u0131t\u0131m-malzemesi-19-210x150.jpeg 210w\" sizes=\"(max-width: 280px) 100vw, 280px\" \/><\/a>\n\t\t\t<\/div>\n\t\t\t\t<p class='wp-caption-text gallery-caption' id='gallery-2-133972'>\n\t\t\t\t<a target=\"_blank\" href=\"\/tr\/trk-kaucuk-sunger.html\" rel=\"noopener noreferrer\">Trk Kau\u00e7uk S\u00fcnger<\/a>\n\t\t\t\t<\/p><\/div><div class='gallery-item'>\n\t\t\t<div class='gallery-icon landscape'>\n\t\t\t\t<a title=\"Trk Kau\u00e7uk S\u00fcnger\"  href='https:\/\/www.turkishacoustic.com\/tr\/wp-content\/uploads\/2020\/11\/trk-ses-yal\u0131t\u0131m-malzemesi-20.jpeg'><img loading=\"lazy\" decoding=\"async\" width=\"280\" height=\"200\" src=\"https:\/\/www.turkishacoustic.com\/tr\/wp-content\/uploads\/2020\/11\/trk-ses-yal\u0131t\u0131m-malzemesi-20-280x200.jpeg\" class=\"attachment-thumbnail size-thumbnail\" alt=\"\" aria-describedby=\"gallery-2-133973\" srcset=\"https:\/\/www.turkishacoustic.com\/tr\/wp-content\/uploads\/2020\/11\/trk-ses-yal\u0131t\u0131m-malzemesi-20-280x200.jpeg 280w, https:\/\/www.turkishacoustic.com\/tr\/wp-content\/uploads\/2020\/11\/trk-ses-yal\u0131t\u0131m-malzemesi-20-210x150.jpeg 210w\" sizes=\"(max-width: 280px) 100vw, 280px\" \/><\/a>\n\t\t\t<\/div>\n\t\t\t\t<p class='wp-caption-text gallery-caption' id='gallery-2-133973'>\n\t\t\t\t<a target=\"_blank\" href=\"\/tr\/trk-kaucuk-sunger.html\" rel=\"noopener noreferrer\">Trk Kau\u00e7uk S\u00fcnger<\/a>\n\t\t\t\t<\/p><\/div>\n\t\t<\/div>\n\n\n\n<\/div>","protected":false},"excerpt":{"rendered":"","protected":false},"author":1,"featured_media":135238,"parent":0,"menu_order":0,"comment_status":"closed","ping_status":"closed","template":"","meta":{"footnotes":""},"class_list":["post-38681","page","type-page","status-publish","has-post-thumbnail"],"_links":{"self":[{"href":"https:\/\/www.turkishacoustic.com\/tr\/wp-json\/wp\/v2\/pages\/38681"}],"collection":[{"href":"https:\/\/www.turkishacoustic.com\/tr\/wp-json\/wp\/v2\/pages"}],"about":[{"href":"https:\/\/www.turkishacoustic.com\/tr\/wp-json\/wp\/v2\/types\/page"}],"author":[{"embeddable":true,"href":"https:\/\/www.turkishacoustic.com\/tr\/wp-json\/wp\/v2\/users\/1"}],"replies":[{"embeddable":true,"href":"https:\/\/www.turkishacoustic.com\/tr\/wp-json\/wp\/v2\/comments?post=38681"}],"version-history":[{"count":5,"href":"https:\/\/www.turkishacoustic.com\/tr\/wp-json\/wp\/v2\/pages\/38681\/revisions"}],"predecessor-version":[{"id":135580,"href":"https:\/\/www.turkishacoustic.com\/tr\/wp-json\/wp\/v2\/pages\/38681\/revisions\/135580"}],"wp:featuredmedia":[{"embeddable":true,"href":"https:\/\/www.turkishacoustic.com\/tr\/wp-json\/wp\/v2\/media\/135238"}],"wp:attachment":[{"href":"https:\/\/www.turkishacoustic.com\/tr\/wp-json\/wp\/v2\/media?parent=38681"}],"curies":[{"name":"wp","href":"https:\/\/api.w.org\/{rel}","templated":true}]}}