{"id":36256,"date":"2020-10-01T10:12:05","date_gmt":"2020-10-01T07:12:05","guid":{"rendered":"http:\/\/www.yumurtasunger.org\/?page_id=36256"},"modified":"2020-11-14T14:22:14","modified_gmt":"2020-11-14T11:22:14","slug":"akustik-kaplama","status":"publish","type":"page","link":"https:\/\/www.turkishacoustic.com\/tr\/akustik-kaplama","title":{"rendered":"Akustik Kaplama \u00dcr\u00fcnleri"},"content":{"rendered":"<div class=\"entry\">\n\n\n<div id='gallery-2' class='gallery galleryid-36256 gallery-columns-3 gallery-size-large'><div class='gallery-item'>\n\t\t\t<div class='gallery-icon landscape'>\n\t\t\t\t<a title=\"Ah\u015fap Duvar Panelleri\"  href='https:\/\/www.turkishacoustic.com\/tr\/wp-content\/uploads\/2020\/10\/Akustik-Kaplama-\u00dcr\u00fcnleri-1.jpeg'><img loading=\"lazy\" decoding=\"async\" width=\"1000\" height=\"666\" src=\"https:\/\/www.turkishacoustic.com\/tr\/wp-content\/uploads\/2020\/10\/Akustik-Kaplama-\u00dcr\u00fcnleri-1.jpeg\" class=\"attachment-large size-large\" alt=\"\" aria-describedby=\"gallery-2-125133\" srcset=\"https:\/\/www.turkishacoustic.com\/tr\/wp-content\/uploads\/2020\/10\/Akustik-Kaplama-\u00dcr\u00fcnleri-1.jpeg 1000w, https:\/\/www.turkishacoustic.com\/tr\/wp-content\/uploads\/2020\/10\/Akustik-Kaplama-\u00dcr\u00fcnleri-1-600x400.jpeg 600w, https:\/\/www.turkishacoustic.com\/tr\/wp-content\/uploads\/2020\/10\/Akustik-Kaplama-\u00dcr\u00fcnleri-1-768x511.jpeg 768w\" sizes=\"(max-width: 1000px) 100vw, 1000px\" \/><\/a>\n\t\t\t<\/div>\n\t\t\t\t<p class='wp-caption-text gallery-caption' id='gallery-2-125133'>\n\t\t\t\t<a href=\"\/tr\/akustik-ahsap-duvar-panelleri.html\">Ah\u015fap Duvar Panelleri<\/a>\n\t\t\t\t<\/p><\/div><div class='gallery-item'>\n\t\t\t<div class='gallery-icon landscape'>\n\t\t\t\t<a title=\"Ah\u015fap Tavan Panelleri\"  href='https:\/\/www.turkishacoustic.com\/tr\/wp-content\/uploads\/2020\/10\/Akustik-Kaplama-\u00dcr\u00fcnleri-2.jpeg'><img loading=\"lazy\" decoding=\"async\" width=\"1000\" height=\"666\" src=\"https:\/\/www.turkishacoustic.com\/tr\/wp-content\/uploads\/2020\/10\/Akustik-Kaplama-\u00dcr\u00fcnleri-2.jpeg\" class=\"attachment-large size-large\" alt=\"\" aria-describedby=\"gallery-2-125134\" srcset=\"https:\/\/www.turkishacoustic.com\/tr\/wp-content\/uploads\/2020\/10\/Akustik-Kaplama-\u00dcr\u00fcnleri-2.jpeg 1000w, https:\/\/www.turkishacoustic.com\/tr\/wp-content\/uploads\/2020\/10\/Akustik-Kaplama-\u00dcr\u00fcnleri-2-600x400.jpeg 600w, https:\/\/www.turkishacoustic.com\/tr\/wp-content\/uploads\/2020\/10\/Akustik-Kaplama-\u00dcr\u00fcnleri-2-768x511.jpeg 768w\" sizes=\"(max-width: 1000px) 100vw, 1000px\" \/><\/a>\n\t\t\t<\/div>\n\t\t\t\t<p class='wp-caption-text gallery-caption' id='gallery-2-125134'>\n\t\t\t\t<a href=\"\/tr\/akustik-ahsap-tavan-panelleri.html\">Ah\u015fap Tavan Panelleri<\/a>\n\t\t\t\t<\/p><\/div><div class='gallery-item'>\n\t\t\t<div class='gallery-icon landscape'>\n\t\t\t\t<a title=\"Linear Do\u011frusal Panel\"  href='https:\/\/www.turkishacoustic.com\/tr\/wp-content\/uploads\/2020\/10\/Akustik-Kaplama-\u00dcr\u00fcnleri-3.jpeg'><img loading=\"lazy\" decoding=\"async\" width=\"1000\" height=\"666\" src=\"https:\/\/www.turkishacoustic.com\/tr\/wp-content\/uploads\/2020\/10\/Akustik-Kaplama-\u00dcr\u00fcnleri-3.jpeg\" class=\"attachment-large size-large\" alt=\"\" aria-describedby=\"gallery-2-125135\" srcset=\"https:\/\/www.turkishacoustic.com\/tr\/wp-content\/uploads\/2020\/10\/Akustik-Kaplama-\u00dcr\u00fcnleri-3.jpeg 1000w, https:\/\/www.turkishacoustic.com\/tr\/wp-content\/uploads\/2020\/10\/Akustik-Kaplama-\u00dcr\u00fcnleri-3-600x400.jpeg 600w, https:\/\/www.turkishacoustic.com\/tr\/wp-content\/uploads\/2020\/10\/Akustik-Kaplama-\u00dcr\u00fcnleri-3-768x511.jpeg 768w\" sizes=\"(max-width: 1000px) 100vw, 1000px\" \/><\/a>\n\t\t\t<\/div>\n\t\t\t\t<p class='wp-caption-text gallery-caption' id='gallery-2-125135'>\n\t\t\t\t<a href=\"\/tr\/linear-tavan.html\">Linear Do\u011frusal Panel<\/a>\n\t\t\t\t<\/p><\/div><div class='gallery-item'>\n\t\t\t<div class='gallery-icon landscape'>\n\t\t\t\t<a title=\"Ta\u015fy\u00fcn\u00fc Tavan Panelleri\"  href='https:\/\/www.turkishacoustic.com\/tr\/wp-content\/uploads\/2020\/10\/Akustik-Kaplama-\u00dcr\u00fcnleri-4.jpeg'><img loading=\"lazy\" decoding=\"async\" width=\"1000\" height=\"666\" src=\"https:\/\/www.turkishacoustic.com\/tr\/wp-content\/uploads\/2020\/10\/Akustik-Kaplama-\u00dcr\u00fcnleri-4.jpeg\" class=\"attachment-large size-large\" alt=\"\" aria-describedby=\"gallery-2-125136\" srcset=\"https:\/\/www.turkishacoustic.com\/tr\/wp-content\/uploads\/2020\/10\/Akustik-Kaplama-\u00dcr\u00fcnleri-4.jpeg 1000w, https:\/\/www.turkishacoustic.com\/tr\/wp-content\/uploads\/2020\/10\/Akustik-Kaplama-\u00dcr\u00fcnleri-4-600x400.jpeg 600w, https:\/\/www.turkishacoustic.com\/tr\/wp-content\/uploads\/2020\/10\/Akustik-Kaplama-\u00dcr\u00fcnleri-4-768x511.jpeg 768w\" sizes=\"(max-width: 1000px) 100vw, 1000px\" \/><\/a>\n\t\t\t<\/div>\n\t\t\t\t<p class='wp-caption-text gallery-caption' id='gallery-2-125136'>\n\t\t\t\t<a href=\"\/tr\/akustik-tavan-kaplama.html\">Ta\u015fy\u00fcn\u00fc Tavan Panelleri<\/a>\n\t\t\t\t<\/p><\/div><div class='gallery-item'>\n\t\t\t<div class='gallery-icon landscape'>\n\t\t\t\t<a title=\"Petek Tavan Panelleri\"  href='https:\/\/www.turkishacoustic.com\/tr\/wp-content\/uploads\/2020\/10\/Akustik-Kaplama-\u00dcr\u00fcnleri-5.jpeg'><img loading=\"lazy\" decoding=\"async\" width=\"1000\" height=\"666\" src=\"https:\/\/www.turkishacoustic.com\/tr\/wp-content\/uploads\/2020\/10\/Akustik-Kaplama-\u00dcr\u00fcnleri-5.jpeg\" class=\"attachment-large size-large\" alt=\"\" aria-describedby=\"gallery-2-125137\" srcset=\"https:\/\/www.turkishacoustic.com\/tr\/wp-content\/uploads\/2020\/10\/Akustik-Kaplama-\u00dcr\u00fcnleri-5.jpeg 1000w, https:\/\/www.turkishacoustic.com\/tr\/wp-content\/uploads\/2020\/10\/Akustik-Kaplama-\u00dcr\u00fcnleri-5-600x400.jpeg 600w, https:\/\/www.turkishacoustic.com\/tr\/wp-content\/uploads\/2020\/10\/Akustik-Kaplama-\u00dcr\u00fcnleri-5-768x511.jpeg 768w\" sizes=\"(max-width: 1000px) 100vw, 1000px\" \/><\/a>\n\t\t\t<\/div>\n\t\t\t\t<p class='wp-caption-text gallery-caption' id='gallery-2-125137'>\n\t\t\t\t<a href=\"\/tr\/petek-tavan-panelleri.html\">Petek Tavan Panelleri<\/a>\n\t\t\t\t<\/p><\/div><div class='gallery-item'>\n\t\t\t<div class='gallery-icon landscape'>\n\t\t\t\t<a title=\"Akustik Duvar Panelleri\"  href='https:\/\/www.turkishacoustic.com\/tr\/wp-content\/uploads\/2020\/10\/Akustik-Kaplama-\u00dcr\u00fcnleri-6.jpeg'><img loading=\"lazy\" decoding=\"async\" width=\"1000\" height=\"666\" src=\"https:\/\/www.turkishacoustic.com\/tr\/wp-content\/uploads\/2020\/10\/Akustik-Kaplama-\u00dcr\u00fcnleri-6.jpeg\" class=\"attachment-large size-large\" alt=\"\" aria-describedby=\"gallery-2-125138\" srcset=\"https:\/\/www.turkishacoustic.com\/tr\/wp-content\/uploads\/2020\/10\/Akustik-Kaplama-\u00dcr\u00fcnleri-6.jpeg 1000w, https:\/\/www.turkishacoustic.com\/tr\/wp-content\/uploads\/2020\/10\/Akustik-Kaplama-\u00dcr\u00fcnleri-6-600x400.jpeg 600w, https:\/\/www.turkishacoustic.com\/tr\/wp-content\/uploads\/2020\/10\/Akustik-Kaplama-\u00dcr\u00fcnleri-6-768x511.jpeg 768w\" sizes=\"(max-width: 1000px) 100vw, 1000px\" \/><\/a>\n\t\t\t<\/div>\n\t\t\t\t<p class='wp-caption-text gallery-caption' id='gallery-2-125138'>\n\t\t\t\t<a href=\"\/tr\/akustik-duvar-panelleri.html\">Akustik Duvar Panelleri<\/a>\n\t\t\t\t<\/p><\/div>\n\t\t<\/div>\n\n\t\n\t\t\tDi\u011fer \u00dcr\u00fcnler \u0130\u00e7in T\u0131klay\u0131n\n<div id='gallery-6' class='gallery galleryid-36256 gallery-columns-5 gallery-size-large'><div class='gallery-item'>\n\t\t\t<div class='gallery-icon landscape'>\n\t\t\t\t<a title=\"Delikli Duvar Panelleri\"  href='https:\/\/www.turkishacoustic.com\/tr\/wp-content\/uploads\/2020\/10\/Akustik-Kaplama-1.jpeg'><img loading=\"lazy\" decoding=\"async\" width=\"1000\" height=\"667\" src=\"https:\/\/www.turkishacoustic.com\/tr\/wp-content\/uploads\/2020\/10\/Akustik-Kaplama-1.jpeg\" class=\"attachment-large size-large\" alt=\"\" aria-describedby=\"gallery-6-125139\" srcset=\"https:\/\/www.turkishacoustic.com\/tr\/wp-content\/uploads\/2020\/10\/Akustik-Kaplama-1.jpeg 1000w, https:\/\/www.turkishacoustic.com\/tr\/wp-content\/uploads\/2020\/10\/Akustik-Kaplama-1-600x400.jpeg 600w, https:\/\/www.turkishacoustic.com\/tr\/wp-content\/uploads\/2020\/10\/Akustik-Kaplama-1-768x512.jpeg 768w\" sizes=\"(max-width: 1000px) 100vw, 1000px\" \/><\/a>\n\t\t\t<\/div>\n\t\t\t\t<p class='wp-caption-text gallery-caption' id='gallery-6-125139'>\n\t\t\t\t<a href=\"\/tr\/akustik-ahsap-duvar-panelleri.html\">Delikli Duvar Panelleri<\/a>\n\t\t\t\t<\/p><\/div><div class='gallery-item'>\n\t\t\t<div class='gallery-icon landscape'>\n\t\t\t\t<a title=\"Delikli Tavan Panelleri\"  href='https:\/\/www.turkishacoustic.com\/tr\/wp-content\/uploads\/2020\/10\/Akustik-Kaplama-2.jpeg'><img loading=\"lazy\" decoding=\"async\" width=\"1000\" height=\"667\" src=\"https:\/\/www.turkishacoustic.com\/tr\/wp-content\/uploads\/2020\/10\/Akustik-Kaplama-2.jpeg\" class=\"attachment-large size-large\" alt=\"\" aria-describedby=\"gallery-6-125140\" srcset=\"https:\/\/www.turkishacoustic.com\/tr\/wp-content\/uploads\/2020\/10\/Akustik-Kaplama-2.jpeg 1000w, https:\/\/www.turkishacoustic.com\/tr\/wp-content\/uploads\/2020\/10\/Akustik-Kaplama-2-600x400.jpeg 600w, https:\/\/www.turkishacoustic.com\/tr\/wp-content\/uploads\/2020\/10\/Akustik-Kaplama-2-768x512.jpeg 768w\" sizes=\"(max-width: 1000px) 100vw, 1000px\" \/><\/a>\n\t\t\t<\/div>\n\t\t\t\t<p class='wp-caption-text gallery-caption' id='gallery-6-125140'>\n\t\t\t\t<a href=\"\/tr\/akustik-ahsap-tavan-panelleri.html\">Delikli Tavan Panelleri<\/a>\n\t\t\t\t<\/p><\/div><div class='gallery-item'>\n\t\t\t<div class='gallery-icon landscape'>\n\t\t\t\t<a title=\"Linear Do\u011frusal Panel\"  href='https:\/\/www.turkishacoustic.com\/tr\/wp-content\/uploads\/2020\/10\/Akustik-Kaplama-3.jpeg'><img loading=\"lazy\" decoding=\"async\" width=\"1000\" height=\"667\" src=\"https:\/\/www.turkishacoustic.com\/tr\/wp-content\/uploads\/2020\/10\/Akustik-Kaplama-3.jpeg\" class=\"attachment-large size-large\" alt=\"\" aria-describedby=\"gallery-6-125141\" srcset=\"https:\/\/www.turkishacoustic.com\/tr\/wp-content\/uploads\/2020\/10\/Akustik-Kaplama-3.jpeg 1000w, https:\/\/www.turkishacoustic.com\/tr\/wp-content\/uploads\/2020\/10\/Akustik-Kaplama-3-600x400.jpeg 600w, https:\/\/www.turkishacoustic.com\/tr\/wp-content\/uploads\/2020\/10\/Akustik-Kaplama-3-768x512.jpeg 768w\" sizes=\"(max-width: 1000px) 100vw, 1000px\" \/><\/a>\n\t\t\t<\/div>\n\t\t\t\t<p class='wp-caption-text gallery-caption' id='gallery-6-125141'>\n\t\t\t\t<a href=\"\/tr\/linear-tavan.html\">Linear Do\u011frusal Panel<\/a>\n\t\t\t\t<\/p><\/div><div class='gallery-item'>\n\t\t\t<div class='gallery-icon landscape'>\n\t\t\t\t<a title=\"Petek Tavan Panelleri\"  href='https:\/\/www.turkishacoustic.com\/tr\/wp-content\/uploads\/2020\/10\/Akustik-Kaplama-4.jpeg'><img loading=\"lazy\" decoding=\"async\" width=\"1000\" height=\"667\" src=\"https:\/\/www.turkishacoustic.com\/tr\/wp-content\/uploads\/2020\/10\/Akustik-Kaplama-4.jpeg\" class=\"attachment-large size-large\" alt=\"\" aria-describedby=\"gallery-6-125142\" srcset=\"https:\/\/www.turkishacoustic.com\/tr\/wp-content\/uploads\/2020\/10\/Akustik-Kaplama-4.jpeg 1000w, https:\/\/www.turkishacoustic.com\/tr\/wp-content\/uploads\/2020\/10\/Akustik-Kaplama-4-600x400.jpeg 600w, https:\/\/www.turkishacoustic.com\/tr\/wp-content\/uploads\/2020\/10\/Akustik-Kaplama-4-768x512.jpeg 768w\" sizes=\"(max-width: 1000px) 100vw, 1000px\" \/><\/a>\n\t\t\t<\/div>\n\t\t\t\t<p class='wp-caption-text gallery-caption' id='gallery-6-125142'>\n\t\t\t\t<a href=\"\/tr\/petek-tavan-panelleri.html\">Petek Tavan Panelleri<\/a>\n\t\t\t\t<\/p><\/div><div class='gallery-item'>\n\t\t\t<div class='gallery-icon landscape'>\n\t\t\t\t<a title=\"S\u00fcnger Duvar Panelleri\"  href='https:\/\/www.turkishacoustic.com\/tr\/wp-content\/uploads\/2020\/10\/Akustik-Kaplama-5.jpeg'><img loading=\"lazy\" decoding=\"async\" width=\"1000\" height=\"667\" src=\"https:\/\/www.turkishacoustic.com\/tr\/wp-content\/uploads\/2020\/10\/Akustik-Kaplama-5.jpeg\" class=\"attachment-large size-large\" alt=\"\" aria-describedby=\"gallery-6-125143\" srcset=\"https:\/\/www.turkishacoustic.com\/tr\/wp-content\/uploads\/2020\/10\/Akustik-Kaplama-5.jpeg 1000w, https:\/\/www.turkishacoustic.com\/tr\/wp-content\/uploads\/2020\/10\/Akustik-Kaplama-5-600x400.jpeg 600w, https:\/\/www.turkishacoustic.com\/tr\/wp-content\/uploads\/2020\/10\/Akustik-Kaplama-5-768x512.jpeg 768w\" sizes=\"(max-width: 1000px) 100vw, 1000px\" \/><\/a>\n\t\t\t<\/div>\n\t\t\t\t<p class='wp-caption-text gallery-caption' id='gallery-6-125143'>\n\t\t\t\t<a href=\"\/tr\/akustik-sunger-panel.html\">S\u00fcnger Duvar Panelleri<\/a>\n\t\t\t\t<\/p><\/div>\n\t\t<\/div>\n\n\n\n<\/div>","protected":false},"excerpt":{"rendered":"Di\u011fer \u00dcr\u00fcnler \u0130\u00e7in T\u0131klay\u0131n","protected":false},"author":1,"featured_media":127633,"parent":0,"menu_order":0,"comment_status":"closed","ping_status":"closed","template":"","meta":{"footnotes":""},"class_list":["post-36256","page","type-page","status-publish","has-post-thumbnail"],"_links":{"self":[{"href":"https:\/\/www.turkishacoustic.com\/tr\/wp-json\/wp\/v2\/pages\/36256"}],"collection":[{"href":"https:\/\/www.turkishacoustic.com\/tr\/wp-json\/wp\/v2\/pages"}],"about":[{"href":"https:\/\/www.turkishacoustic.com\/tr\/wp-json\/wp\/v2\/types\/page"}],"author":[{"embeddable":true,"href":"https:\/\/www.turkishacoustic.com\/tr\/wp-json\/wp\/v2\/users\/1"}],"replies":[{"embeddable":true,"href":"https:\/\/www.turkishacoustic.com\/tr\/wp-json\/wp\/v2\/comments?post=36256"}],"version-history":[{"count":5,"href":"https:\/\/www.turkishacoustic.com\/tr\/wp-json\/wp\/v2\/pages\/36256\/revisions"}],"predecessor-version":[{"id":130968,"href":"https:\/\/www.turkishacoustic.com\/tr\/wp-json\/wp\/v2\/pages\/36256\/revisions\/130968"}],"wp:featuredmedia":[{"embeddable":true,"href":"https:\/\/www.turkishacoustic.com\/tr\/wp-json\/wp\/v2\/media\/127633"}],"wp:attachment":[{"href":"https:\/\/www.turkishacoustic.com\/tr\/wp-json\/wp\/v2\/media?parent=36256"}],"curies":[{"name":"wp","href":"https:\/\/api.w.org\/{rel}","templated":true}]}}