{"id":36252,"date":"2020-10-31T04:31:00","date_gmt":"2020-10-31T01:31:00","guid":{"rendered":"http:\/\/www.yumurtasunger.org\/?page_id=36252"},"modified":"2020-11-14T14:13:27","modified_gmt":"2020-11-14T11:13:27","slug":"akustik-urunlerimiz","status":"publish","type":"page","link":"https:\/\/www.turkishacoustic.com\/tr\/akustik-urunlerimiz","title":{"rendered":"Akustik Ses \u0130zolasyon \u00dcr\u00fcnleri"},"content":{"rendered":"<div class=\"entry\">\n\n\n<div id='gallery-2' class='gallery galleryid-36252 gallery-columns-3 gallery-size-large'><div class='gallery-item'>\n\t\t\t<div class='gallery-icon landscape'>\n\t\t\t\t<a title=\"Akustik Duvar Panelleri\"  href='https:\/\/www.turkishacoustic.com\/tr\/wp-content\/uploads\/2020\/10\/Akustik-Ses-\u0130zolasyon-\u00dcr\u00fcn\u00fc-1.jpeg'><img loading=\"lazy\" decoding=\"async\" width=\"1000\" height=\"666\" src=\"https:\/\/www.turkishacoustic.com\/tr\/wp-content\/uploads\/2020\/10\/Akustik-Ses-\u0130zolasyon-\u00dcr\u00fcn\u00fc-1.jpeg\" class=\"attachment-large size-large\" alt=\"\" aria-describedby=\"gallery-2-125114\" srcset=\"https:\/\/www.turkishacoustic.com\/tr\/wp-content\/uploads\/2020\/10\/Akustik-Ses-\u0130zolasyon-\u00dcr\u00fcn\u00fc-1.jpeg 1000w, https:\/\/www.turkishacoustic.com\/tr\/wp-content\/uploads\/2020\/10\/Akustik-Ses-\u0130zolasyon-\u00dcr\u00fcn\u00fc-1-600x400.jpeg 600w, https:\/\/www.turkishacoustic.com\/tr\/wp-content\/uploads\/2020\/10\/Akustik-Ses-\u0130zolasyon-\u00dcr\u00fcn\u00fc-1-768x511.jpeg 768w\" sizes=\"(max-width: 1000px) 100vw, 1000px\" \/><\/a>\n\t\t\t<\/div>\n\t\t\t\t<p class='wp-caption-text gallery-caption' id='gallery-2-125114'>\n\t\t\t\t<a href=\"\/tr\/akustik-pano-panel.html\">Akustik Duvar Panelleri<\/a>\n\t\t\t\t<\/p><\/div><div class='gallery-item'>\n\t\t\t<div class='gallery-icon landscape'>\n\t\t\t\t<a title=\"Oval Duvar Panelleri\"  href='https:\/\/www.turkishacoustic.com\/tr\/wp-content\/uploads\/2020\/10\/Akustik-Ses-\u0130zolasyon-\u00dcr\u00fcn\u00fc-2.jpeg'><img loading=\"lazy\" decoding=\"async\" width=\"1000\" height=\"666\" src=\"https:\/\/www.turkishacoustic.com\/tr\/wp-content\/uploads\/2020\/10\/Akustik-Ses-\u0130zolasyon-\u00dcr\u00fcn\u00fc-2.jpeg\" class=\"attachment-large size-large\" alt=\"\" aria-describedby=\"gallery-2-125115\" srcset=\"https:\/\/www.turkishacoustic.com\/tr\/wp-content\/uploads\/2020\/10\/Akustik-Ses-\u0130zolasyon-\u00dcr\u00fcn\u00fc-2.jpeg 1000w, https:\/\/www.turkishacoustic.com\/tr\/wp-content\/uploads\/2020\/10\/Akustik-Ses-\u0130zolasyon-\u00dcr\u00fcn\u00fc-2-600x400.jpeg 600w, https:\/\/www.turkishacoustic.com\/tr\/wp-content\/uploads\/2020\/10\/Akustik-Ses-\u0130zolasyon-\u00dcr\u00fcn\u00fc-2-768x511.jpeg 768w\" sizes=\"(max-width: 1000px) 100vw, 1000px\" \/><\/a>\n\t\t\t<\/div>\n\t\t\t\t<p class='wp-caption-text gallery-caption' id='gallery-2-125115'>\n\t\t\t\t<a href=\"\/tr\/oval-duvar-panelleri.html\">Oval Duvar Panelleri<\/a>\n\t\t\t\t<\/p><\/div><div class='gallery-item'>\n\t\t\t<div class='gallery-icon landscape'>\n\t\t\t\t<a title=\"Oval Tavan Panelleri\"  href='https:\/\/www.turkishacoustic.com\/tr\/wp-content\/uploads\/2020\/10\/Akustik-Ses-\u0130zolasyon-\u00dcr\u00fcn\u00fc-3.jpeg'><img loading=\"lazy\" decoding=\"async\" width=\"1000\" height=\"666\" src=\"https:\/\/www.turkishacoustic.com\/tr\/wp-content\/uploads\/2020\/10\/Akustik-Ses-\u0130zolasyon-\u00dcr\u00fcn\u00fc-3.jpeg\" class=\"attachment-large size-large\" alt=\"\" aria-describedby=\"gallery-2-125116\" srcset=\"https:\/\/www.turkishacoustic.com\/tr\/wp-content\/uploads\/2020\/10\/Akustik-Ses-\u0130zolasyon-\u00dcr\u00fcn\u00fc-3.jpeg 1000w, https:\/\/www.turkishacoustic.com\/tr\/wp-content\/uploads\/2020\/10\/Akustik-Ses-\u0130zolasyon-\u00dcr\u00fcn\u00fc-3-600x400.jpeg 600w, https:\/\/www.turkishacoustic.com\/tr\/wp-content\/uploads\/2020\/10\/Akustik-Ses-\u0130zolasyon-\u00dcr\u00fcn\u00fc-3-768x511.jpeg 768w\" sizes=\"(max-width: 1000px) 100vw, 1000px\" \/><\/a>\n\t\t\t<\/div>\n\t\t\t\t<p class='wp-caption-text gallery-caption' id='gallery-2-125116'>\n\t\t\t\t<a href=\"\/tr\/oval-tavan-panelleri.html\">Oval Tavan Panelleri<\/a>\n\t\t\t\t<\/p><\/div><div class='gallery-item'>\n\t\t\t<div class='gallery-icon landscape'>\n\t\t\t\t<a title=\"Akustik Masa Seperat\u00f6rleri\"  href='https:\/\/www.turkishacoustic.com\/tr\/wp-content\/uploads\/2020\/10\/Akustik-Ses-\u0130zolasyon-\u00dcr\u00fcn\u00fc-4.jpeg'><img loading=\"lazy\" decoding=\"async\" width=\"1000\" height=\"666\" src=\"https:\/\/www.turkishacoustic.com\/tr\/wp-content\/uploads\/2020\/10\/Akustik-Ses-\u0130zolasyon-\u00dcr\u00fcn\u00fc-4.jpeg\" class=\"attachment-large size-large\" alt=\"\" aria-describedby=\"gallery-2-125117\" srcset=\"https:\/\/www.turkishacoustic.com\/tr\/wp-content\/uploads\/2020\/10\/Akustik-Ses-\u0130zolasyon-\u00dcr\u00fcn\u00fc-4.jpeg 1000w, https:\/\/www.turkishacoustic.com\/tr\/wp-content\/uploads\/2020\/10\/Akustik-Ses-\u0130zolasyon-\u00dcr\u00fcn\u00fc-4-600x400.jpeg 600w, https:\/\/www.turkishacoustic.com\/tr\/wp-content\/uploads\/2020\/10\/Akustik-Ses-\u0130zolasyon-\u00dcr\u00fcn\u00fc-4-768x511.jpeg 768w\" sizes=\"(max-width: 1000px) 100vw, 1000px\" \/><\/a>\n\t\t\t<\/div>\n\t\t\t\t<p class='wp-caption-text gallery-caption' id='gallery-2-125117'>\n\t\t\t\t<a href=\"\/tr\/masa-seperatorleri.html\">Akustik Masa Seperat\u00f6rleri<\/a>\n\t\t\t\t<\/p><\/div><div class='gallery-item'>\n\t\t\t<div class='gallery-icon landscape'>\n\t\t\t\t<a title=\"Akustik Seperat\u00f6r Paneller\"  href='https:\/\/www.turkishacoustic.com\/tr\/wp-content\/uploads\/2020\/10\/Akustik-Ses-\u0130zolasyon-\u00dcr\u00fcn\u00fc-5.jpeg'><img loading=\"lazy\" decoding=\"async\" width=\"1000\" height=\"666\" src=\"https:\/\/www.turkishacoustic.com\/tr\/wp-content\/uploads\/2020\/10\/Akustik-Ses-\u0130zolasyon-\u00dcr\u00fcn\u00fc-5.jpeg\" class=\"attachment-large size-large\" alt=\"\" aria-describedby=\"gallery-2-125118\" srcset=\"https:\/\/www.turkishacoustic.com\/tr\/wp-content\/uploads\/2020\/10\/Akustik-Ses-\u0130zolasyon-\u00dcr\u00fcn\u00fc-5.jpeg 1000w, https:\/\/www.turkishacoustic.com\/tr\/wp-content\/uploads\/2020\/10\/Akustik-Ses-\u0130zolasyon-\u00dcr\u00fcn\u00fc-5-600x400.jpeg 600w, https:\/\/www.turkishacoustic.com\/tr\/wp-content\/uploads\/2020\/10\/Akustik-Ses-\u0130zolasyon-\u00dcr\u00fcn\u00fc-5-768x511.jpeg 768w\" sizes=\"(max-width: 1000px) 100vw, 1000px\" \/><\/a>\n\t\t\t<\/div>\n\t\t\t\t<p class='wp-caption-text gallery-caption' id='gallery-2-125118'>\n\t\t\t\t<a href=\"\/tr\/akustik-paravanlar.html\">Akustik Seperat\u00f6r Paneller<\/a>\n\t\t\t\t<\/p><\/div><div class='gallery-item'>\n\t\t\t<div class='gallery-icon landscape'>\n\t\t\t\t<a title=\"Kanopi Akustik Paneller\"  href='https:\/\/www.turkishacoustic.com\/tr\/wp-content\/uploads\/2020\/10\/Akustik-Ses-\u0130zolasyon-\u00dcr\u00fcn\u00fc-6.jpeg'><img loading=\"lazy\" decoding=\"async\" width=\"1000\" height=\"666\" src=\"https:\/\/www.turkishacoustic.com\/tr\/wp-content\/uploads\/2020\/10\/Akustik-Ses-\u0130zolasyon-\u00dcr\u00fcn\u00fc-6.jpeg\" class=\"attachment-large size-large\" alt=\"\" aria-describedby=\"gallery-2-125119\" srcset=\"https:\/\/www.turkishacoustic.com\/tr\/wp-content\/uploads\/2020\/10\/Akustik-Ses-\u0130zolasyon-\u00dcr\u00fcn\u00fc-6.jpeg 1000w, https:\/\/www.turkishacoustic.com\/tr\/wp-content\/uploads\/2020\/10\/Akustik-Ses-\u0130zolasyon-\u00dcr\u00fcn\u00fc-6-600x400.jpeg 600w, https:\/\/www.turkishacoustic.com\/tr\/wp-content\/uploads\/2020\/10\/Akustik-Ses-\u0130zolasyon-\u00dcr\u00fcn\u00fc-6-768x511.jpeg 768w\" sizes=\"(max-width: 1000px) 100vw, 1000px\" \/><\/a>\n\t\t\t<\/div>\n\t\t\t\t<p class='wp-caption-text gallery-caption' id='gallery-2-125119'>\n\t\t\t\t<a href=\"\/tr\/kanopi-asma-tavan.html\">Kanopi Akustik Paneller<\/a>\n\t\t\t\t<\/p><\/div>\n\t\t<\/div>\n\n\t\n\t\t\tDi\u011fer \u00dcr\u00fcnler \u0130\u00e7in T\u0131klay\u0131n\n\t\t<div id='gallery-6' class='gallery galleryid-36252 gallery-columns-5 gallery-size-thumbnail'><div class='gallery-item'>\n\t\t\t<div class='gallery-icon landscape'>\n\t\t\t\t<a title=\"Baffle Akustik Tavan\"  href='https:\/\/www.turkishacoustic.com\/tr\/wp-content\/uploads\/2020\/10\/Turkish-Acoustic-\u00dcr\u00fcnler-1.jpeg'><img loading=\"lazy\" decoding=\"async\" width=\"280\" height=\"200\" src=\"https:\/\/www.turkishacoustic.com\/tr\/wp-content\/uploads\/2020\/10\/Turkish-Acoustic-\u00dcr\u00fcnler-1-280x200.jpeg\" class=\"attachment-thumbnail size-thumbnail\" alt=\"\" aria-describedby=\"gallery-6-125121\" srcset=\"https:\/\/www.turkishacoustic.com\/tr\/wp-content\/uploads\/2020\/10\/Turkish-Acoustic-\u00dcr\u00fcnler-1-280x200.jpeg 280w, https:\/\/www.turkishacoustic.com\/tr\/wp-content\/uploads\/2020\/10\/Turkish-Acoustic-\u00dcr\u00fcnler-1-210x150.jpeg 210w\" sizes=\"(max-width: 280px) 100vw, 280px\" \/><\/a>\n\t\t\t<\/div>\n\t\t\t\t<p class='wp-caption-text gallery-caption' id='gallery-6-125121'>\n\t\t\t\t<a href=\"\/tr\/baffle-akustik-tavan.html\">Baffle Akustik Tavan<\/a>\n\t\t\t\t<\/p><\/div><div class='gallery-item'>\n\t\t\t<div class='gallery-icon landscape'>\n\t\t\t\t<a title=\"Akustik Panel Kaplama\"  href='https:\/\/www.turkishacoustic.com\/tr\/wp-content\/uploads\/2020\/10\/Turkish-Acoustic-\u00dcr\u00fcnler-2.jpeg'><img loading=\"lazy\" decoding=\"async\" width=\"280\" height=\"200\" src=\"https:\/\/www.turkishacoustic.com\/tr\/wp-content\/uploads\/2020\/10\/Turkish-Acoustic-\u00dcr\u00fcnler-2-280x200.jpeg\" class=\"attachment-thumbnail size-thumbnail\" alt=\"\" aria-describedby=\"gallery-6-125122\" srcset=\"https:\/\/www.turkishacoustic.com\/tr\/wp-content\/uploads\/2020\/10\/Turkish-Acoustic-\u00dcr\u00fcnler-2-280x200.jpeg 280w, https:\/\/www.turkishacoustic.com\/tr\/wp-content\/uploads\/2020\/10\/Turkish-Acoustic-\u00dcr\u00fcnler-2-210x150.jpeg 210w\" sizes=\"(max-width: 280px) 100vw, 280px\" \/><\/a>\n\t\t\t<\/div>\n\t\t\t\t<p class='wp-caption-text gallery-caption' id='gallery-6-125122'>\n\t\t\t\t<a href=\"\/tr\/akustik-panel-kaplama.html\">Akustik Panel Kaplama<\/a>\n\t\t\t\t<\/p><\/div><div class='gallery-item'>\n\t\t\t<div class='gallery-icon landscape'>\n\t\t\t\t<a title=\"Ses Yutucu Totem\"  href='https:\/\/www.turkishacoustic.com\/tr\/wp-content\/uploads\/2020\/10\/Turkish-Acoustic-\u00dcr\u00fcnler-3.jpeg'><img loading=\"lazy\" decoding=\"async\" width=\"280\" height=\"200\" src=\"https:\/\/www.turkishacoustic.com\/tr\/wp-content\/uploads\/2020\/10\/Turkish-Acoustic-\u00dcr\u00fcnler-3-280x200.jpeg\" class=\"attachment-thumbnail size-thumbnail\" alt=\"\" aria-describedby=\"gallery-6-125123\" srcset=\"https:\/\/www.turkishacoustic.com\/tr\/wp-content\/uploads\/2020\/10\/Turkish-Acoustic-\u00dcr\u00fcnler-3-280x200.jpeg 280w, https:\/\/www.turkishacoustic.com\/tr\/wp-content\/uploads\/2020\/10\/Turkish-Acoustic-\u00dcr\u00fcnler-3-210x150.jpeg 210w\" sizes=\"(max-width: 280px) 100vw, 280px\" \/><\/a>\n\t\t\t<\/div>\n\t\t\t\t<p class='wp-caption-text gallery-caption' id='gallery-6-125123'>\n\t\t\t\t<a href=\"\/tr\/ses-yutucu-totem.html\">Ses Yutucu Totem<\/a>\n\t\t\t\t<\/p><\/div><div class='gallery-item'>\n\t\t\t<div class='gallery-icon landscape'>\n\t\t\t\t<a title=\"Cloth Screen Panel\"  href='https:\/\/www.turkishacoustic.com\/tr\/wp-content\/uploads\/2020\/10\/Turkish-Acoustic-\u00dcr\u00fcnler-4.jpeg'><img loading=\"lazy\" decoding=\"async\" width=\"280\" height=\"200\" src=\"https:\/\/www.turkishacoustic.com\/tr\/wp-content\/uploads\/2020\/10\/Turkish-Acoustic-\u00dcr\u00fcnler-4-280x200.jpeg\" class=\"attachment-thumbnail size-thumbnail\" alt=\"\" aria-describedby=\"gallery-6-125124\" srcset=\"https:\/\/www.turkishacoustic.com\/tr\/wp-content\/uploads\/2020\/10\/Turkish-Acoustic-\u00dcr\u00fcnler-4-280x200.jpeg 280w, https:\/\/www.turkishacoustic.com\/tr\/wp-content\/uploads\/2020\/10\/Turkish-Acoustic-\u00dcr\u00fcnler-4-210x150.jpeg 210w\" sizes=\"(max-width: 280px) 100vw, 280px\" \/><\/a>\n\t\t\t<\/div>\n\t\t\t\t<p class='wp-caption-text gallery-caption' id='gallery-6-125124'>\n\t\t\t\t<a href=\"\/tr\/cloth-screen-panel.html\">Cloth Screen Panel<\/a>\n\t\t\t\t<\/p><\/div><div class='gallery-item'>\n\t\t\t<div class='gallery-icon landscape'>\n\t\t\t\t<a title=\"Akustik Seperat\u00f6r Paravan\"  href='https:\/\/www.turkishacoustic.com\/tr\/wp-content\/uploads\/2020\/10\/Turkish-Acoustic-\u00dcr\u00fcnler-5.jpeg'><img loading=\"lazy\" decoding=\"async\" width=\"280\" height=\"200\" src=\"https:\/\/www.turkishacoustic.com\/tr\/wp-content\/uploads\/2020\/10\/Turkish-Acoustic-\u00dcr\u00fcnler-5-280x200.jpeg\" class=\"attachment-thumbnail size-thumbnail\" alt=\"\" aria-describedby=\"gallery-6-125125\" srcset=\"https:\/\/www.turkishacoustic.com\/tr\/wp-content\/uploads\/2020\/10\/Turkish-Acoustic-\u00dcr\u00fcnler-5-280x200.jpeg 280w, https:\/\/www.turkishacoustic.com\/tr\/wp-content\/uploads\/2020\/10\/Turkish-Acoustic-\u00dcr\u00fcnler-5-210x150.jpeg 210w\" sizes=\"(max-width: 280px) 100vw, 280px\" \/><\/a>\n\t\t\t<\/div>\n\t\t\t\t<p class='wp-caption-text gallery-caption' id='gallery-6-125125'>\n\t\t\t\t<a href=\"\/tr\/akustik-paravanlar.html\">Akustik Seperat\u00f6r Paravan<\/a>\n\t\t\t\t<\/p><\/div><div class='gallery-item'>\n\t\t\t<div class='gallery-icon landscape'>\n\t\t\t\t<a title=\"Kanopi Tavan Panelleri\"  href='https:\/\/www.turkishacoustic.com\/tr\/wp-content\/uploads\/2020\/10\/Turkish-Acoustic-\u00dcr\u00fcnler-6.jpeg'><img loading=\"lazy\" decoding=\"async\" width=\"280\" height=\"200\" src=\"https:\/\/www.turkishacoustic.com\/tr\/wp-content\/uploads\/2020\/10\/Turkish-Acoustic-\u00dcr\u00fcnler-6-280x200.jpeg\" class=\"attachment-thumbnail size-thumbnail\" alt=\"\" aria-describedby=\"gallery-6-125126\" srcset=\"https:\/\/www.turkishacoustic.com\/tr\/wp-content\/uploads\/2020\/10\/Turkish-Acoustic-\u00dcr\u00fcnler-6-280x200.jpeg 280w, https:\/\/www.turkishacoustic.com\/tr\/wp-content\/uploads\/2020\/10\/Turkish-Acoustic-\u00dcr\u00fcnler-6-210x150.jpeg 210w\" sizes=\"(max-width: 280px) 100vw, 280px\" \/><\/a>\n\t\t\t<\/div>\n\t\t\t\t<p class='wp-caption-text gallery-caption' id='gallery-6-125126'>\n\t\t\t\t<a href=\"\/tr\/kanopi-asma-tavan.html\">Kanopi Tavan Panelleri<\/a>\n\t\t\t\t<\/p><\/div><div class='gallery-item'>\n\t\t\t<div class='gallery-icon landscape'>\n\t\t\t\t<a title=\"Ses Emici K\u00fcpler\"  href='https:\/\/www.turkishacoustic.com\/tr\/wp-content\/uploads\/2020\/10\/Turkish-Acoustic-\u00dcr\u00fcnler-7.jpeg'><img loading=\"lazy\" decoding=\"async\" width=\"280\" height=\"200\" src=\"https:\/\/www.turkishacoustic.com\/tr\/wp-content\/uploads\/2020\/10\/Turkish-Acoustic-\u00dcr\u00fcnler-7-280x200.jpeg\" class=\"attachment-thumbnail size-thumbnail\" alt=\"\" aria-describedby=\"gallery-6-125127\" srcset=\"https:\/\/www.turkishacoustic.com\/tr\/wp-content\/uploads\/2020\/10\/Turkish-Acoustic-\u00dcr\u00fcnler-7-280x200.jpeg 280w, https:\/\/www.turkishacoustic.com\/tr\/wp-content\/uploads\/2020\/10\/Turkish-Acoustic-\u00dcr\u00fcnler-7-210x150.jpeg 210w\" sizes=\"(max-width: 280px) 100vw, 280px\" \/><\/a>\n\t\t\t<\/div>\n\t\t\t\t<p class='wp-caption-text gallery-caption' id='gallery-6-125127'>\n\t\t\t\t<a href=\"\/tr\/ses-emici-kupler.html\">Ses Emici K\u00fcpler<\/a>\n\t\t\t\t<\/p><\/div><div class='gallery-item'>\n\t\t\t<div class='gallery-icon landscape'>\n\t\t\t\t<a title=\"Oval Tavan Panelleri\"  href='https:\/\/www.turkishacoustic.com\/tr\/wp-content\/uploads\/2020\/10\/Turkish-Acoustic-\u00dcr\u00fcnler-8.jpeg'><img loading=\"lazy\" decoding=\"async\" width=\"280\" height=\"200\" src=\"https:\/\/www.turkishacoustic.com\/tr\/wp-content\/uploads\/2020\/10\/Turkish-Acoustic-\u00dcr\u00fcnler-8-280x200.jpeg\" class=\"attachment-thumbnail size-thumbnail\" alt=\"\" aria-describedby=\"gallery-6-125128\" srcset=\"https:\/\/www.turkishacoustic.com\/tr\/wp-content\/uploads\/2020\/10\/Turkish-Acoustic-\u00dcr\u00fcnler-8-280x200.jpeg 280w, https:\/\/www.turkishacoustic.com\/tr\/wp-content\/uploads\/2020\/10\/Turkish-Acoustic-\u00dcr\u00fcnler-8-210x150.jpeg 210w\" sizes=\"(max-width: 280px) 100vw, 280px\" \/><\/a>\n\t\t\t<\/div>\n\t\t\t\t<p class='wp-caption-text gallery-caption' id='gallery-6-125128'>\n\t\t\t\t<a href=\"\/tr\/oval-tavan-panelleri.html\">Oval Tavan Panelleri<\/a>\n\t\t\t\t<\/p><\/div><div class='gallery-item'>\n\t\t\t<div class='gallery-icon landscape'>\n\t\t\t\t<a title=\"Akustik Y\u00fczer Tavan\"  href='https:\/\/www.turkishacoustic.com\/tr\/wp-content\/uploads\/2020\/10\/Turkish-Acoustic-\u00dcr\u00fcnler-9.jpeg'><img loading=\"lazy\" decoding=\"async\" width=\"280\" height=\"200\" src=\"https:\/\/www.turkishacoustic.com\/tr\/wp-content\/uploads\/2020\/10\/Turkish-Acoustic-\u00dcr\u00fcnler-9-280x200.jpeg\" class=\"attachment-thumbnail size-thumbnail\" alt=\"\" aria-describedby=\"gallery-6-125129\" srcset=\"https:\/\/www.turkishacoustic.com\/tr\/wp-content\/uploads\/2020\/10\/Turkish-Acoustic-\u00dcr\u00fcnler-9-280x200.jpeg 280w, https:\/\/www.turkishacoustic.com\/tr\/wp-content\/uploads\/2020\/10\/Turkish-Acoustic-\u00dcr\u00fcnler-9-210x150.jpeg 210w\" sizes=\"(max-width: 280px) 100vw, 280px\" \/><\/a>\n\t\t\t<\/div>\n\t\t\t\t<p class='wp-caption-text gallery-caption' id='gallery-6-125129'>\n\t\t\t\t<a href=\"\/tr\/akustik-yuzer-tavan.html\">Akustik Y\u00fczer Tavan<\/a>\n\t\t\t\t<\/p><\/div><div class='gallery-item'>\n\t\t\t<div class='gallery-icon landscape'>\n\t\t\t\t<a title=\"Akustik Masa Seperat\u00f6r\u00fc\"  href='https:\/\/www.turkishacoustic.com\/tr\/wp-content\/uploads\/2020\/10\/Turkish-Acoustic-\u00dcr\u00fcnler-10.jpeg'><img loading=\"lazy\" decoding=\"async\" width=\"280\" height=\"200\" src=\"https:\/\/www.turkishacoustic.com\/tr\/wp-content\/uploads\/2020\/10\/Turkish-Acoustic-\u00dcr\u00fcnler-10-280x200.jpeg\" class=\"attachment-thumbnail size-thumbnail\" alt=\"\" aria-describedby=\"gallery-6-125130\" srcset=\"https:\/\/www.turkishacoustic.com\/tr\/wp-content\/uploads\/2020\/10\/Turkish-Acoustic-\u00dcr\u00fcnler-10-280x200.jpeg 280w, https:\/\/www.turkishacoustic.com\/tr\/wp-content\/uploads\/2020\/10\/Turkish-Acoustic-\u00dcr\u00fcnler-10-210x150.jpeg 210w\" sizes=\"(max-width: 280px) 100vw, 280px\" \/><\/a>\n\t\t\t<\/div>\n\t\t\t\t<p class='wp-caption-text gallery-caption' id='gallery-6-125130'>\n\t\t\t\t<a href=\"\/tr\/masa-seperatorleri.html\">Akustik Masa Seperat\u00f6r\u00fc<\/a>\n\t\t\t\t<\/p><\/div>\n\t\t<\/div>\n\n\n\n<\/div>","protected":false},"excerpt":{"rendered":"Di\u011fer \u00dcr\u00fcnler \u0130\u00e7in T\u0131klay\u0131n","protected":false},"author":1,"featured_media":125138,"parent":0,"menu_order":0,"comment_status":"closed","ping_status":"closed","template":"","meta":{"footnotes":""},"class_list":["post-36252","page","type-page","status-publish","has-post-thumbnail"],"_links":{"self":[{"href":"https:\/\/www.turkishacoustic.com\/tr\/wp-json\/wp\/v2\/pages\/36252"}],"collection":[{"href":"https:\/\/www.turkishacoustic.com\/tr\/wp-json\/wp\/v2\/pages"}],"about":[{"href":"https:\/\/www.turkishacoustic.com\/tr\/wp-json\/wp\/v2\/types\/page"}],"author":[{"embeddable":true,"href":"https:\/\/www.turkishacoustic.com\/tr\/wp-json\/wp\/v2\/users\/1"}],"replies":[{"embeddable":true,"href":"https:\/\/www.turkishacoustic.com\/tr\/wp-json\/wp\/v2\/comments?post=36252"}],"version-history":[{"count":3,"href":"https:\/\/www.turkishacoustic.com\/tr\/wp-json\/wp\/v2\/pages\/36252\/revisions"}],"predecessor-version":[{"id":130973,"href":"https:\/\/www.turkishacoustic.com\/tr\/wp-json\/wp\/v2\/pages\/36252\/revisions\/130973"}],"wp:featuredmedia":[{"embeddable":true,"href":"https:\/\/www.turkishacoustic.com\/tr\/wp-json\/wp\/v2\/media\/125138"}],"wp:attachment":[{"href":"https:\/\/www.turkishacoustic.com\/tr\/wp-json\/wp\/v2\/media?parent=36252"}],"curies":[{"name":"wp","href":"https:\/\/api.w.org\/{rel}","templated":true}]}}