{"id":36247,"date":"2020-10-31T03:07:23","date_gmt":"2020-10-31T00:07:23","guid":{"rendered":"http:\/\/www.yumurtasunger.org\/?page_id=36247"},"modified":"2020-11-14T14:16:08","modified_gmt":"2020-11-14T11:16:08","slug":"ses-yalitim-malzemeleri","status":"publish","type":"page","link":"https:\/\/www.turkishacoustic.com\/tr\/ses-yalitim-malzemeleri","title":{"rendered":"Ses Yal\u0131t\u0131m Malzemeleri"},"content":{"rendered":"<div class=\"entry\">\n\n\n<div id='gallery-2' class='gallery galleryid-36247 gallery-columns-3 gallery-size-large'><div class='gallery-item'>\n\t\t\t<div class='gallery-icon landscape'>\n\t\t\t\t<a title=\"Kau\u00e7uk Mantar \u015eilte\"  href='https:\/\/www.turkishacoustic.com\/tr\/wp-content\/uploads\/2020\/10\/Turkish-Acoustic-Ses-Yal\u0131t\u0131m-Malzeme-1.jpeg'><img loading=\"lazy\" decoding=\"async\" width=\"1000\" height=\"666\" src=\"https:\/\/www.turkishacoustic.com\/tr\/wp-content\/uploads\/2020\/10\/Turkish-Acoustic-Ses-Yal\u0131t\u0131m-Malzeme-1.jpeg\" class=\"attachment-large size-large\" alt=\"\" aria-describedby=\"gallery-2-125145\" srcset=\"https:\/\/www.turkishacoustic.com\/tr\/wp-content\/uploads\/2020\/10\/Turkish-Acoustic-Ses-Yal\u0131t\u0131m-Malzeme-1.jpeg 1000w, https:\/\/www.turkishacoustic.com\/tr\/wp-content\/uploads\/2020\/10\/Turkish-Acoustic-Ses-Yal\u0131t\u0131m-Malzeme-1-600x400.jpeg 600w, https:\/\/www.turkishacoustic.com\/tr\/wp-content\/uploads\/2020\/10\/Turkish-Acoustic-Ses-Yal\u0131t\u0131m-Malzeme-1-768x511.jpeg 768w\" sizes=\"(max-width: 1000px) 100vw, 1000px\" \/><\/a>\n\t\t\t<\/div>\n\t\t\t\t<p class='wp-caption-text gallery-caption' id='gallery-2-125145'>\n\t\t\t\t<a href=\"\/tr\/mantarli-kaucuk-silte.html\">Kau\u00e7uk Mantar \u015eilte<\/a>\n\t\t\t\t<\/p><\/div><div class='gallery-item'>\n\t\t\t<div class='gallery-icon landscape'>\n\t\t\t\t<a title=\"Mantar Rulo \u015eilte\"  href='https:\/\/www.turkishacoustic.com\/tr\/wp-content\/uploads\/2020\/10\/Turkish-Acoustic-Ses-Yal\u0131t\u0131m-Malzeme-2.jpeg'><img loading=\"lazy\" decoding=\"async\" width=\"1000\" height=\"666\" src=\"https:\/\/www.turkishacoustic.com\/tr\/wp-content\/uploads\/2020\/10\/Turkish-Acoustic-Ses-Yal\u0131t\u0131m-Malzeme-2.jpeg\" class=\"attachment-large size-large\" alt=\"\" aria-describedby=\"gallery-2-125146\" srcset=\"https:\/\/www.turkishacoustic.com\/tr\/wp-content\/uploads\/2020\/10\/Turkish-Acoustic-Ses-Yal\u0131t\u0131m-Malzeme-2.jpeg 1000w, https:\/\/www.turkishacoustic.com\/tr\/wp-content\/uploads\/2020\/10\/Turkish-Acoustic-Ses-Yal\u0131t\u0131m-Malzeme-2-600x400.jpeg 600w, https:\/\/www.turkishacoustic.com\/tr\/wp-content\/uploads\/2020\/10\/Turkish-Acoustic-Ses-Yal\u0131t\u0131m-Malzeme-2-768x511.jpeg 768w\" sizes=\"(max-width: 1000px) 100vw, 1000px\" \/><\/a>\n\t\t\t<\/div>\n\t\t\t\t<p class='wp-caption-text gallery-caption' id='gallery-2-125146'>\n\t\t\t\t<a href=\"\/tr\/mantar-rulo-silte.html\">Mantar Rulo \u015eilte<\/a>\n\t\t\t\t<\/p><\/div><div class='gallery-item'>\n\t\t\t<div class='gallery-icon landscape'>\n\t\t\t\t<a title=\"Kau\u00e7uk Rulo \u015eilte\"  href='https:\/\/www.turkishacoustic.com\/tr\/wp-content\/uploads\/2020\/10\/Turkish-Acoustic-Ses-Yal\u0131t\u0131m-Malzeme-3.jpeg'><img loading=\"lazy\" decoding=\"async\" width=\"1000\" height=\"666\" src=\"https:\/\/www.turkishacoustic.com\/tr\/wp-content\/uploads\/2020\/10\/Turkish-Acoustic-Ses-Yal\u0131t\u0131m-Malzeme-3.jpeg\" class=\"attachment-large size-large\" alt=\"\" aria-describedby=\"gallery-2-125147\" srcset=\"https:\/\/www.turkishacoustic.com\/tr\/wp-content\/uploads\/2020\/10\/Turkish-Acoustic-Ses-Yal\u0131t\u0131m-Malzeme-3.jpeg 1000w, https:\/\/www.turkishacoustic.com\/tr\/wp-content\/uploads\/2020\/10\/Turkish-Acoustic-Ses-Yal\u0131t\u0131m-Malzeme-3-600x400.jpeg 600w, https:\/\/www.turkishacoustic.com\/tr\/wp-content\/uploads\/2020\/10\/Turkish-Acoustic-Ses-Yal\u0131t\u0131m-Malzeme-3-768x511.jpeg 768w\" sizes=\"(max-width: 1000px) 100vw, 1000px\" \/><\/a>\n\t\t\t<\/div>\n\t\t\t\t<p class='wp-caption-text gallery-caption' id='gallery-2-125147'>\n\t\t\t\t<a href=\"\/tr\/kaucuk-rulo-silte.html\">Kau\u00e7uk Rulo \u015eilte<\/a>\n\t\t\t\t<\/p><\/div><div class='gallery-item'>\n\t\t\t<div class='gallery-icon landscape'>\n\t\t\t\t<a title=\"Polietilen K\u00f6p\u00fck \u015eilteler\"  href='https:\/\/www.turkishacoustic.com\/tr\/wp-content\/uploads\/2020\/10\/Turkish-Acoustic-Ses-Yal\u0131t\u0131m-Malzeme-4.jpeg'><img loading=\"lazy\" decoding=\"async\" width=\"1000\" height=\"666\" src=\"https:\/\/www.turkishacoustic.com\/tr\/wp-content\/uploads\/2020\/10\/Turkish-Acoustic-Ses-Yal\u0131t\u0131m-Malzeme-4.jpeg\" class=\"attachment-large size-large\" alt=\"\" aria-describedby=\"gallery-2-125148\" srcset=\"https:\/\/www.turkishacoustic.com\/tr\/wp-content\/uploads\/2020\/10\/Turkish-Acoustic-Ses-Yal\u0131t\u0131m-Malzeme-4.jpeg 1000w, https:\/\/www.turkishacoustic.com\/tr\/wp-content\/uploads\/2020\/10\/Turkish-Acoustic-Ses-Yal\u0131t\u0131m-Malzeme-4-600x400.jpeg 600w, https:\/\/www.turkishacoustic.com\/tr\/wp-content\/uploads\/2020\/10\/Turkish-Acoustic-Ses-Yal\u0131t\u0131m-Malzeme-4-768x511.jpeg 768w\" sizes=\"(max-width: 1000px) 100vw, 1000px\" \/><\/a>\n\t\t\t<\/div>\n\t\t\t\t<p class='wp-caption-text gallery-caption' id='gallery-2-125148'>\n\t\t\t\t<a href=\"\/tr\/polietilen-kopuk-silteler.html\">Polietilen K\u00f6p\u00fck \u015eilteler<\/a>\n\t\t\t\t<\/p><\/div><div class='gallery-item'>\n\t\t\t<div class='gallery-icon landscape'>\n\t\t\t\t<a title=\"Akustik Yal\u0131t\u0131m \u015eiltesi\"  href='https:\/\/www.turkishacoustic.com\/tr\/wp-content\/uploads\/2020\/10\/Turkish-Acoustic-Ses-Yal\u0131t\u0131m-Malzeme-5.jpeg'><img loading=\"lazy\" decoding=\"async\" width=\"1000\" height=\"666\" src=\"https:\/\/www.turkishacoustic.com\/tr\/wp-content\/uploads\/2020\/10\/Turkish-Acoustic-Ses-Yal\u0131t\u0131m-Malzeme-5.jpeg\" class=\"attachment-large size-large\" alt=\"\" aria-describedby=\"gallery-2-125149\" srcset=\"https:\/\/www.turkishacoustic.com\/tr\/wp-content\/uploads\/2020\/10\/Turkish-Acoustic-Ses-Yal\u0131t\u0131m-Malzeme-5.jpeg 1000w, https:\/\/www.turkishacoustic.com\/tr\/wp-content\/uploads\/2020\/10\/Turkish-Acoustic-Ses-Yal\u0131t\u0131m-Malzeme-5-600x400.jpeg 600w, https:\/\/www.turkishacoustic.com\/tr\/wp-content\/uploads\/2020\/10\/Turkish-Acoustic-Ses-Yal\u0131t\u0131m-Malzeme-5-768x511.jpeg 768w\" sizes=\"(max-width: 1000px) 100vw, 1000px\" \/><\/a>\n\t\t\t<\/div>\n\t\t\t\t<p class='wp-caption-text gallery-caption' id='gallery-2-125149'>\n\t\t\t\t<a href=\"\/tr\/akustik-yalitim-siltesi.html\">Akustik Yal\u0131t\u0131m \u015eiltesi<\/a>\n\t\t\t\t<\/p><\/div><div class='gallery-item'>\n\t\t\t<div class='gallery-icon landscape'>\n\t\t\t\t<a title=\"Ses \u0130zolasyon Bariyeri\"  href='https:\/\/www.turkishacoustic.com\/tr\/wp-content\/uploads\/2020\/10\/Turkish-Acoustic-Ses-Yal\u0131t\u0131m-Malzeme-6.jpeg'><img loading=\"lazy\" decoding=\"async\" width=\"1000\" height=\"666\" src=\"https:\/\/www.turkishacoustic.com\/tr\/wp-content\/uploads\/2020\/10\/Turkish-Acoustic-Ses-Yal\u0131t\u0131m-Malzeme-6.jpeg\" class=\"attachment-large size-large\" alt=\"\" aria-describedby=\"gallery-2-125150\" srcset=\"https:\/\/www.turkishacoustic.com\/tr\/wp-content\/uploads\/2020\/10\/Turkish-Acoustic-Ses-Yal\u0131t\u0131m-Malzeme-6.jpeg 1000w, https:\/\/www.turkishacoustic.com\/tr\/wp-content\/uploads\/2020\/10\/Turkish-Acoustic-Ses-Yal\u0131t\u0131m-Malzeme-6-600x400.jpeg 600w, https:\/\/www.turkishacoustic.com\/tr\/wp-content\/uploads\/2020\/10\/Turkish-Acoustic-Ses-Yal\u0131t\u0131m-Malzeme-6-768x511.jpeg 768w\" sizes=\"(max-width: 1000px) 100vw, 1000px\" \/><\/a>\n\t\t\t<\/div>\n\t\t\t\t<p class='wp-caption-text gallery-caption' id='gallery-2-125150'>\n\t\t\t\t<a href=\"\/tr\/ses-yalitim-bariyeri.html\">Ses \u0130zolasyon Bariyeri<\/a>\n\t\t\t\t<\/p><\/div>\n\t\t<\/div>\n\n\t\n\t\t\tDi\u011fer \u00dcr\u00fcnler \u0130\u00e7in T\u0131klay\u0131n\n<div id='gallery-6' class='gallery galleryid-36247 gallery-columns-5 gallery-size-large'><div class='gallery-item'>\n\t\t\t<div class='gallery-icon landscape'>\n\t\t\t\t<a title=\"Kau\u00e7uk Zemin Karosu\"  href='https:\/\/www.turkishacoustic.com\/tr\/wp-content\/uploads\/2020\/10\/Akustik-Malzemelerimiz-1.jpeg'><img loading=\"lazy\" decoding=\"async\" width=\"1000\" height=\"667\" src=\"https:\/\/www.turkishacoustic.com\/tr\/wp-content\/uploads\/2020\/10\/Akustik-Malzemelerimiz-1.jpeg\" class=\"attachment-large size-large\" alt=\"\" aria-describedby=\"gallery-6-125151\" srcset=\"https:\/\/www.turkishacoustic.com\/tr\/wp-content\/uploads\/2020\/10\/Akustik-Malzemelerimiz-1.jpeg 1000w, https:\/\/www.turkishacoustic.com\/tr\/wp-content\/uploads\/2020\/10\/Akustik-Malzemelerimiz-1-600x400.jpeg 600w, https:\/\/www.turkishacoustic.com\/tr\/wp-content\/uploads\/2020\/10\/Akustik-Malzemelerimiz-1-768x512.jpeg 768w\" sizes=\"(max-width: 1000px) 100vw, 1000px\" \/><\/a>\n\t\t\t<\/div>\n\t\t\t\t<p class='wp-caption-text gallery-caption' id='gallery-6-125151'>\n\t\t\t\t<a href=\"\/tr\/kaucuk-zemin-karolari.html\">Kau\u00e7uk Zemin Karosu<\/a>\n\t\t\t\t<\/p><\/div><div class='gallery-item'>\n\t\t\t<div class='gallery-icon landscape'>\n\t\t\t\t<a title=\"Ses Yal\u0131t\u0131m Band\u0131\"  href='https:\/\/www.turkishacoustic.com\/tr\/wp-content\/uploads\/2020\/10\/Akustik-Malzemelerimiz-2.jpeg'><img loading=\"lazy\" decoding=\"async\" width=\"1000\" height=\"667\" src=\"https:\/\/www.turkishacoustic.com\/tr\/wp-content\/uploads\/2020\/10\/Akustik-Malzemelerimiz-2.jpeg\" class=\"attachment-large size-large\" alt=\"\" aria-describedby=\"gallery-6-125152\" srcset=\"https:\/\/www.turkishacoustic.com\/tr\/wp-content\/uploads\/2020\/10\/Akustik-Malzemelerimiz-2.jpeg 1000w, https:\/\/www.turkishacoustic.com\/tr\/wp-content\/uploads\/2020\/10\/Akustik-Malzemelerimiz-2-600x400.jpeg 600w, https:\/\/www.turkishacoustic.com\/tr\/wp-content\/uploads\/2020\/10\/Akustik-Malzemelerimiz-2-768x512.jpeg 768w\" sizes=\"(max-width: 1000px) 100vw, 1000px\" \/><\/a>\n\t\t\t<\/div>\n\t\t\t\t<p class='wp-caption-text gallery-caption' id='gallery-6-125152'>\n\t\t\t\t<a href=\"\/tr\/yalitim-bantlari.html\">Ses \u0130zolasyon Band\u0131<\/a>\n\t\t\t\t<\/p><\/div><div class='gallery-item'>\n\t\t\t<div class='gallery-icon landscape'>\n\t\t\t\t<a title=\"Kontak S\u00fcnger Yap\u0131\u015ft\u0131r\u0131c\u0131s\u0131\"  href='https:\/\/www.turkishacoustic.com\/tr\/wp-content\/uploads\/2020\/10\/Akustik-Malzemelerimiz-3.jpeg'><img loading=\"lazy\" decoding=\"async\" width=\"1000\" height=\"667\" src=\"https:\/\/www.turkishacoustic.com\/tr\/wp-content\/uploads\/2020\/10\/Akustik-Malzemelerimiz-3.jpeg\" class=\"attachment-large size-large\" alt=\"\" aria-describedby=\"gallery-6-125153\" srcset=\"https:\/\/www.turkishacoustic.com\/tr\/wp-content\/uploads\/2020\/10\/Akustik-Malzemelerimiz-3.jpeg 1000w, https:\/\/www.turkishacoustic.com\/tr\/wp-content\/uploads\/2020\/10\/Akustik-Malzemelerimiz-3-600x400.jpeg 600w, https:\/\/www.turkishacoustic.com\/tr\/wp-content\/uploads\/2020\/10\/Akustik-Malzemelerimiz-3-768x512.jpeg 768w\" sizes=\"(max-width: 1000px) 100vw, 1000px\" \/><\/a>\n\t\t\t<\/div>\n\t\t\t\t<p class='wp-caption-text gallery-caption' id='gallery-6-125153'>\n\t\t\t\t<a href=\"\/tr\/kontak-sunger-yapistirici.html\">Kontak S\u00fcnger Yap\u0131\u015ft\u0131r\u0131c\u0131s\u0131<\/a>\n\t\t\t\t<\/p><\/div><div class='gallery-item'>\n\t\t\t<div class='gallery-icon landscape'>\n\t\t\t\t<a title=\"Akustik Titre\u015fim \u0130zolat\u00f6r\u00fc\"  href='https:\/\/www.turkishacoustic.com\/tr\/wp-content\/uploads\/2020\/10\/Akustik-Malzemelerimiz-4.jpeg'><img loading=\"lazy\" decoding=\"async\" width=\"1000\" height=\"667\" src=\"https:\/\/www.turkishacoustic.com\/tr\/wp-content\/uploads\/2020\/10\/Akustik-Malzemelerimiz-4.jpeg\" class=\"attachment-large size-large\" alt=\"\" aria-describedby=\"gallery-6-125154\" srcset=\"https:\/\/www.turkishacoustic.com\/tr\/wp-content\/uploads\/2020\/10\/Akustik-Malzemelerimiz-4.jpeg 1000w, https:\/\/www.turkishacoustic.com\/tr\/wp-content\/uploads\/2020\/10\/Akustik-Malzemelerimiz-4-600x400.jpeg 600w, https:\/\/www.turkishacoustic.com\/tr\/wp-content\/uploads\/2020\/10\/Akustik-Malzemelerimiz-4-768x512.jpeg 768w\" sizes=\"(max-width: 1000px) 100vw, 1000px\" \/><\/a>\n\t\t\t<\/div>\n\t\t\t\t<p class='wp-caption-text gallery-caption' id='gallery-6-125154'>\n\t\t\t\t<a href=\"\/tr\/akustik-izolatorler.html\">Akustik Titre\u015fim \u0130zolat\u00f6r\u00fc<\/a>\n\t\t\t\t<\/p><\/div><div class='gallery-item'>\n\t\t\t<div class='gallery-icon landscape'>\n\t\t\t\t<a title=\"Heraklith Ah\u015fap Yonga Levha\"  href='https:\/\/www.turkishacoustic.com\/tr\/wp-content\/uploads\/2020\/10\/Akustik-Malzemelerimiz-5.jpeg'><img loading=\"lazy\" decoding=\"async\" width=\"1000\" height=\"667\" src=\"https:\/\/www.turkishacoustic.com\/tr\/wp-content\/uploads\/2020\/10\/Akustik-Malzemelerimiz-5.jpeg\" class=\"attachment-large size-large\" alt=\"\" aria-describedby=\"gallery-6-125155\" srcset=\"https:\/\/www.turkishacoustic.com\/tr\/wp-content\/uploads\/2020\/10\/Akustik-Malzemelerimiz-5.jpeg 1000w, https:\/\/www.turkishacoustic.com\/tr\/wp-content\/uploads\/2020\/10\/Akustik-Malzemelerimiz-5-600x400.jpeg 600w, https:\/\/www.turkishacoustic.com\/tr\/wp-content\/uploads\/2020\/10\/Akustik-Malzemelerimiz-5-768x512.jpeg 768w\" sizes=\"(max-width: 1000px) 100vw, 1000px\" \/><\/a>\n\t\t\t<\/div>\n\t\t\t\t<p class='wp-caption-text gallery-caption' id='gallery-6-125155'>\n\t\t\t\t<a href=\"\/tr\/heraklith.html\">Heraklith Ah\u015fap  Levha<\/a>\n\t\t\t\t<\/p><\/div><div class='gallery-item'>\n\t\t\t<div class='gallery-icon landscape'>\n\t\t\t\t<a title=\"Tecsound\"  href='https:\/\/www.turkishacoustic.com\/tr\/wp-content\/uploads\/2020\/10\/Akustik-Malzemelerimiz-6.jpeg'><img loading=\"lazy\" decoding=\"async\" width=\"1000\" height=\"667\" src=\"https:\/\/www.turkishacoustic.com\/tr\/wp-content\/uploads\/2020\/10\/Akustik-Malzemelerimiz-6.jpeg\" class=\"attachment-large size-large\" alt=\"\" aria-describedby=\"gallery-6-125156\" srcset=\"https:\/\/www.turkishacoustic.com\/tr\/wp-content\/uploads\/2020\/10\/Akustik-Malzemelerimiz-6.jpeg 1000w, https:\/\/www.turkishacoustic.com\/tr\/wp-content\/uploads\/2020\/10\/Akustik-Malzemelerimiz-6-600x400.jpeg 600w, https:\/\/www.turkishacoustic.com\/tr\/wp-content\/uploads\/2020\/10\/Akustik-Malzemelerimiz-6-768x512.jpeg 768w\" sizes=\"(max-width: 1000px) 100vw, 1000px\" \/><\/a>\n\t\t\t<\/div>\n\t\t\t\t<p class='wp-caption-text gallery-caption' id='gallery-6-125156'>\n\t\t\t\t<a href=\"\/tr\/tecsound.html\">Tecsound Yal\u0131t\u0131m Membran\u0131<\/a>\n\t\t\t\t<\/p><\/div><div class='gallery-item'>\n\t\t\t<div class='gallery-icon landscape'>\n\t\t\t\t<a title=\"Epdm A\u011f\u0131r Kau\u00e7uk Bariyer\"  href='https:\/\/www.turkishacoustic.com\/tr\/wp-content\/uploads\/2020\/10\/Akustik-Malzemelerimiz-7.jpeg'><img loading=\"lazy\" decoding=\"async\" width=\"1000\" height=\"667\" src=\"https:\/\/www.turkishacoustic.com\/tr\/wp-content\/uploads\/2020\/10\/Akustik-Malzemelerimiz-7.jpeg\" class=\"attachment-large size-large\" alt=\"\" aria-describedby=\"gallery-6-125157\" srcset=\"https:\/\/www.turkishacoustic.com\/tr\/wp-content\/uploads\/2020\/10\/Akustik-Malzemelerimiz-7.jpeg 1000w, https:\/\/www.turkishacoustic.com\/tr\/wp-content\/uploads\/2020\/10\/Akustik-Malzemelerimiz-7-600x400.jpeg 600w, https:\/\/www.turkishacoustic.com\/tr\/wp-content\/uploads\/2020\/10\/Akustik-Malzemelerimiz-7-768x512.jpeg 768w\" sizes=\"(max-width: 1000px) 100vw, 1000px\" \/><\/a>\n\t\t\t<\/div>\n\t\t\t\t<p class='wp-caption-text gallery-caption' id='gallery-6-125157'>\n\t\t\t\t<a href=\"\/tr\/epdm-ses-bariyeri.html\">Epdm A\u011f\u0131r Kau\u00e7uk Bariyer<\/a>\n\t\t\t\t<\/p><\/div><div class='gallery-item'>\n\t\t\t<div class='gallery-icon landscape'>\n\t\t\t\t<a title=\"Kau\u00e7uk Rulo \u015eilte\"  href='https:\/\/www.turkishacoustic.com\/tr\/wp-content\/uploads\/2020\/10\/Akustik-Malzemelerimiz-8.jpeg'><img loading=\"lazy\" decoding=\"async\" width=\"1000\" height=\"667\" src=\"https:\/\/www.turkishacoustic.com\/tr\/wp-content\/uploads\/2020\/10\/Akustik-Malzemelerimiz-8.jpeg\" class=\"attachment-large size-large\" alt=\"\" aria-describedby=\"gallery-6-125158\" srcset=\"https:\/\/www.turkishacoustic.com\/tr\/wp-content\/uploads\/2020\/10\/Akustik-Malzemelerimiz-8.jpeg 1000w, https:\/\/www.turkishacoustic.com\/tr\/wp-content\/uploads\/2020\/10\/Akustik-Malzemelerimiz-8-600x400.jpeg 600w, https:\/\/www.turkishacoustic.com\/tr\/wp-content\/uploads\/2020\/10\/Akustik-Malzemelerimiz-8-768x512.jpeg 768w\" sizes=\"(max-width: 1000px) 100vw, 1000px\" \/><\/a>\n\t\t\t<\/div>\n\t\t\t\t<p class='wp-caption-text gallery-caption' id='gallery-6-125158'>\n\t\t\t\t<a href=\"\/tr\/kaucuk-rulo-silte.html\">Kau\u00e7uk Rulo \u015eilte<\/a>\n\t\t\t\t<\/p><\/div><div class='gallery-item'>\n\t\t\t<div class='gallery-icon landscape'>\n\t\t\t\t<a title=\"Mantarl\u0131 Kau\u00e7uk \u015eilte\"  href='https:\/\/www.turkishacoustic.com\/tr\/wp-content\/uploads\/2020\/10\/Akustik-Malzemelerimiz-9.jpeg'><img loading=\"lazy\" decoding=\"async\" width=\"1000\" height=\"667\" src=\"https:\/\/www.turkishacoustic.com\/tr\/wp-content\/uploads\/2020\/10\/Akustik-Malzemelerimiz-9.jpeg\" class=\"attachment-large size-large\" alt=\"\" aria-describedby=\"gallery-6-125159\" srcset=\"https:\/\/www.turkishacoustic.com\/tr\/wp-content\/uploads\/2020\/10\/Akustik-Malzemelerimiz-9.jpeg 1000w, https:\/\/www.turkishacoustic.com\/tr\/wp-content\/uploads\/2020\/10\/Akustik-Malzemelerimiz-9-600x400.jpeg 600w, https:\/\/www.turkishacoustic.com\/tr\/wp-content\/uploads\/2020\/10\/Akustik-Malzemelerimiz-9-768x512.jpeg 768w\" sizes=\"(max-width: 1000px) 100vw, 1000px\" \/><\/a>\n\t\t\t<\/div>\n\t\t\t\t<p class='wp-caption-text gallery-caption' id='gallery-6-125159'>\n\t\t\t\t<a href=\"\/tr\/mantarli-kaucuk-silte.html\">Mantarl\u0131 Kau\u00e7uk \u015eilte<\/a>\n\t\t\t\t<\/p><\/div><div class='gallery-item'>\n\t\t\t<div class='gallery-icon landscape'>\n\t\t\t\t<a title=\"Mantar Rulo \u015eilte\"  href='https:\/\/www.turkishacoustic.com\/tr\/wp-content\/uploads\/2020\/10\/Akustik-Malzemelerimiz-10.jpeg'><img loading=\"lazy\" decoding=\"async\" width=\"1000\" height=\"667\" src=\"https:\/\/www.turkishacoustic.com\/tr\/wp-content\/uploads\/2020\/10\/Akustik-Malzemelerimiz-10.jpeg\" class=\"attachment-large size-large\" alt=\"\" aria-describedby=\"gallery-6-125160\" srcset=\"https:\/\/www.turkishacoustic.com\/tr\/wp-content\/uploads\/2020\/10\/Akustik-Malzemelerimiz-10.jpeg 1000w, https:\/\/www.turkishacoustic.com\/tr\/wp-content\/uploads\/2020\/10\/Akustik-Malzemelerimiz-10-600x400.jpeg 600w, https:\/\/www.turkishacoustic.com\/tr\/wp-content\/uploads\/2020\/10\/Akustik-Malzemelerimiz-10-768x512.jpeg 768w\" sizes=\"(max-width: 1000px) 100vw, 1000px\" \/><\/a>\n\t\t\t<\/div>\n\t\t\t\t<p class='wp-caption-text gallery-caption' id='gallery-6-125160'>\n\t\t\t\t<a href=\"\/tr\/mantar-rulo-silte.html\">Mantar Rulo \u015eilte<\/a>\n\t\t\t\t<\/p><\/div>\n\t\t<\/div>\n\n\n\n<\/div>","protected":false},"excerpt":{"rendered":"Di\u011fer \u00dcr\u00fcnler \u0130\u00e7in T\u0131klay\u0131n","protected":false},"author":1,"featured_media":125149,"parent":0,"menu_order":0,"comment_status":"closed","ping_status":"closed","template":"","meta":{"footnotes":""},"class_list":["post-36247","page","type-page","status-publish","has-post-thumbnail"],"_links":{"self":[{"href":"https:\/\/www.turkishacoustic.com\/tr\/wp-json\/wp\/v2\/pages\/36247"}],"collection":[{"href":"https:\/\/www.turkishacoustic.com\/tr\/wp-json\/wp\/v2\/pages"}],"about":[{"href":"https:\/\/www.turkishacoustic.com\/tr\/wp-json\/wp\/v2\/types\/page"}],"author":[{"embeddable":true,"href":"https:\/\/www.turkishacoustic.com\/tr\/wp-json\/wp\/v2\/users\/1"}],"replies":[{"embeddable":true,"href":"https:\/\/www.turkishacoustic.com\/tr\/wp-json\/wp\/v2\/comments?post=36247"}],"version-history":[{"count":7,"href":"https:\/\/www.turkishacoustic.com\/tr\/wp-json\/wp\/v2\/pages\/36247\/revisions"}],"predecessor-version":[{"id":135246,"href":"https:\/\/www.turkishacoustic.com\/tr\/wp-json\/wp\/v2\/pages\/36247\/revisions\/135246"}],"wp:featuredmedia":[{"embeddable":true,"href":"https:\/\/www.turkishacoustic.com\/tr\/wp-json\/wp\/v2\/media\/125149"}],"wp:attachment":[{"href":"https:\/\/www.turkishacoustic.com\/tr\/wp-json\/wp\/v2\/media?parent=36247"}],"curies":[{"name":"wp","href":"https:\/\/api.w.org\/{rel}","templated":true}]}}