{"id":36113,"date":"2020-10-31T09:51:53","date_gmt":"2020-10-31T06:51:53","guid":{"rendered":"https:\/\/www.yumurtasunger.org\/?page_id=36113"},"modified":"2025-04-25T09:55:44","modified_gmt":"2025-04-25T06:55:44","slug":"iletisim","status":"publish","type":"page","link":"https:\/\/www.turkishacoustic.com\/tr\/iletisim","title":{"rendered":"\u0130leti\u015fim"},"content":{"rendered":"<div class=\"entry\">\n\n\n<h3 data-fontsize=\"18\" data-lineheight=\"24\">\u0130letisim Bilgilerimiz<\/h3>\n<p><img decoding=\"async\" title=\"website\" src=\"\/tr\/wp-content\/uploads\/anasayfa\/website.png\" alt=\"website\" \/><a href=\"https:\/\/www.turkishacoustic.com\" rel=\"nofollow\">www.turkishacoustic.com<\/a><\/p>\n<p><img decoding=\"async\" title=\"mail\" src=\"\/tr\/wp-content\/uploads\/anasayfa\/mail.png\" alt=\"mail\" \/><a href=\"destek@turkishacoustic.com.tr\" target=\"_blank\" rel=\"nofollow noopener\">destek@turkishacoustic.com.tr<\/a><\/p>\n<p><img decoding=\"async\" title=\"Di\u011fer Cep Telefonu\" src=\"\/tr\/wp-content\/uploads\/anasayfa\/ceptelefon.png\" \/><a href=\"tel:+905451398169\">+90 (545) 139 81 69 <\/a>SATIS OF\u0130S\u0130<\/p>\n<p><img decoding=\"async\" title=\"Turkish Acoustic \u0130\u015f Yeri Adresi\" src=\"\/tr\/wp-content\/uploads\/2019\/07\/adresstr.png\" alt=\"Turkish Acoustic\" width=\"40px\" height=\"40px\" \/>Sancaktepe &#8211; 34887 &#8211; <a href=\"http:\/\/www.ibb.istanbul\/tr-TR\/Pages\/AnaSayfa.aspx\" target=\"_blank\" rel=\"nofollow noopener\">\u0130STANBUL<\/a> &#8211; <a href=\"https:\/\/www.turkiye.gov.tr\/\" target=\"_blank\" rel=\"nofollow noopener\">T\u00dcRK\u0130YE<\/a><\/p>\n<p><img decoding=\"async\" title=\"Turkish Acoustic \u0130\u015f Yeri Adresi\" src=\"\/tr\/wp-content\/uploads\/anasayfa\/adress.png\" alt=\"Turkish Acoustic\" width=\"40px\" height=\"40px\" \/>Hasanpa\u015fa Mah. Necip Faz\u0131l Cd. No:28\/A<\/p>\n<iframe loading=\"lazy\" src=\"https:\/\/www.google.com\/maps\/embed?pb=!1m18!1m12!1m3!1d3012.1466328387814!2d29.251734691262815!3d40.97826988669131!2m3!1f0!2f0!3f0!3m2!1i1024!2i768!4f13.1!3m3!1m2!1s0x0%3A0x26e1a02b3466c74d!2sTURKISH%20ACOUSTIC!5e0!3m2!1str!2str!4v1580551702132!5m2!1str!2str\" width=\"740\" height=\"377 frameborder=\" allowfullscreen=\"allowfullscreen\"><\/iframe>\n<p><img loading=\"lazy\" decoding=\"async\" title=\"Turkish Acoustic Fabrikam\u0131z\" src=\"\/tr\/wp-content\/uploads\/2020\/01\/Turkish-Acoustic-Fabrika.png\" alt=\"Turkish Acoustic Fabrikam\u0131z\" width=\"744\" height=\"68\" \/><img loading=\"lazy\" decoding=\"async\" title=\"Turkish Acoustic Fabrika\" src=\"\/tr\/wp-content\/uploads\/2020\/01\/Turkish-Acoustic-Antrepo.jpg\" width=\"800\" height=\"402\" \/><\/p>\n<p><img loading=\"lazy\" decoding=\"async\" title=\"Turkish Acoustic Antrepolarimiz\" src=\"\/tr\/wp-content\/uploads\/2020\/02\/export-import.png\" alt=\"Turkish Acoustic Antrepolarimiz\" width=\"744\" height=\"68\" \/><img decoding=\"async\" title=\"Turkish Acoustic Antrepo\" src=\"\/tr\/wp-content\/uploads\/2020\/01\/Turkish-Acoustic-Export.jpg\" alt=\"Turkish Acoustic Antrepo iletisim\" width=\"100%\" height=\"422\" \/><\/p>\n\t<div role=\"form\" class=\"wpcf7\" id=\"wpcf7-f24048-o1\" lang=\"tr-TR\" dir=\"ltr\">\n<div class=\"screen-reader-response\"><p role=\"status\" aria-live=\"polite\" aria-atomic=\"true\"><\/p> <ul><\/ul><\/div>\n<form action=\"\/tr\/wp-json\/wp\/v2\/pages\/36113#wpcf7-f24048-o1\" method=\"post\" class=\"wpcf7-form init\" novalidate=\"novalidate\" data-status=\"init\">\n<div style=\"display: none;\">\n<input type=\"hidden\" name=\"_wpcf7\" value=\"24048\" \/>\n<input type=\"hidden\" name=\"_wpcf7_version\" value=\"5.4\" \/>\n<input type=\"hidden\" name=\"_wpcf7_locale\" value=\"tr_TR\" \/>\n<input type=\"hidden\" name=\"_wpcf7_unit_tag\" value=\"wpcf7-f24048-o1\" \/>\n<input type=\"hidden\" name=\"_wpcf7_container_post\" value=\"0\" \/>\n<input type=\"hidden\" name=\"_wpcf7_posted_data_hash\" value=\"\" \/>\n<input type=\"hidden\" name=\"_wpcf7_recaptcha_response\" value=\"\" \/>\n<\/div>\n<div class=\"iform-2\" style=\"margin-top:-10px;\">\n<div class=\"f2-alan-1\">\n<div class=\"ifomr2-label if-baslik col-sm-12\">\n<h3 style=\"background: rgba(0, 0, 0, 0.83); padding: 6px; color: #fff;\" data-fontsize=\"18\" data-lineheight=\"24\">\u0130leti\u015fim Formu<\/h3>\n<\/div>\n<\/div>\n<div class=\"f2-alan-2\">\n<div class=\"iform2-label col-sm-12\">\n<div class=\"panel panel-default\">\n<div class=\"panel-heading\"><i class=\"if2-icons fa fa-tag\" aria-hidden=\"true\"><\/i>M\u00fc\u015fteri Talep Formu<\/div>\n<div class=\"panel-body\"><i class=\"f2-alan-icons fa fa-hand-o-down\" aria-hidden=\"true\"><\/i>\u00dcr\u00fcn <strong>Sipari\u015f, Stok, Fiyatland\u0131rma<\/strong> istekleriniz i\u00e7in l\u00fctfen bu alan\u0131 doldurunuz!<\/div>\n<\/div>\n<\/div>\n<div class=\"iform2-label col-sm-12\">\n<div class=\"col-xs-12 col-md-4 iform-a1\"><i class=\"if2-icons fa fa-user\" aria-hidden=\"true\"><\/i>Ad Soyad<\/div>\n<div class=\"col-xs-12 col-md-8 iform-a2\"> <span class=\"wpcf7-form-control-wrap iform2-ad\"><input type=\"text\" name=\"iform2-ad\" value=\"\" size=\"40\" class=\"wpcf7-form-control wpcf7-text wpcf7-validates-as-required\" id=\"M-Ad\" aria-required=\"true\" aria-invalid=\"false\" placeholder=\"Ad\u0131n\u0131z\" \/><\/span><\/div>\n<\/div>\n<div class=\"iform2-label col-sm-12\">\n<div class=\"col-xs-12 col-md-4 iform-a1\"><i class=\"if2-icons fa fa-envelope\" aria-hidden=\"true\"><\/i>E-Posta<\/div>\n<div class=\"col-xs-12 col-md-8 iform-a2\"> <span class=\"wpcf7-form-control-wrap iform2-mail\"><input type=\"email\" name=\"iform2-mail\" value=\"\" size=\"40\" class=\"wpcf7-form-control wpcf7-text wpcf7-email wpcf7-validates-as-email M-Mail\" id=\"Musteri-Mail\" aria-invalid=\"false\" \/><\/span><\/div>\n<\/div>\n<div class=\"iform2-label col-sm-12\">\n<div class=\"col-xs-12 col-md-4 iform-a1\"><i class=\"if2-icons fa fa-phone\" aria-hidden=\"true\"><\/i>Telefon<\/div>\n<div class=\"col-xs-12 col-md-8 iform-a2\"><span class=\"wpcf7-form-control-wrap iform2-m-tel\"><input type=\"tel\" name=\"iform2-m-tel\" value=\"\" size=\"40\" class=\"wpcf7-form-control wpcf7-text wpcf7-tel wpcf7-validates-as-tel M-Telefon\" id=\"M-Telefon\" aria-invalid=\"false\" placeholder=\"(530) 000 00 00\" \/><\/span><\/div>\n<\/div>\n<div class=\"iform2-label col-sm-12\">\n<div class=\"col-xs-12 col-md-4 iform-a1\"><i class=\"if2-icons fa fa-th\" aria-hidden=\"true\"><\/i>Vergi No<\/div>\n<div class=\"col-xs-12 col-md-8 iform-a2\"> <span class=\"wpcf7-form-control-wrap iform2-vergi\"><input type=\"text\" name=\"iform2-vergi\" value=\"\" size=\"40\" class=\"wpcf7-form-control wpcf7-text M-vergi\" id=\"M-vergi\" aria-invalid=\"false\" \/><\/span><\/div>\n<\/div>\n<div class=\"iform2-label col-sm-12\">\n<div class=\"col-xs-12 col-md-4 iform-a1\"><i class=\"if2-icons fa fa-bookmark\" aria-hidden=\"true\"><\/i>Konu Ba\u015fl\u0131\u011f\u0131<\/div>\n<div class=\"col-xs-12 col-md-8 iform-a2\"><span class=\"wpcf7-form-control-wrap iform2-baslik\"><input type=\"text\" name=\"iform2-baslik\" value=\"\" size=\"40\" class=\"wpcf7-form-control wpcf7-text if2-k-baslik\" id=\"if2-k-baslik\" aria-invalid=\"false\" placeholder=\"Ba\u015fl\u0131k girin\" \/><\/span><\/div>\n<\/div>\n<div class=\"iform2-label col-sm-12\">\n<div class=\"col-xs-12 col-md-4 iform-a1\"><i class=\"if2-icons fa fa-bookmark\" aria-hidden=\"true\"><\/i>\u00dcr\u00fcn Talep ve \u0130stekleriniz<\/div>\n<div class=\"col-xs-12 col-md-8 iform-a2\"><span class=\"wpcf7-form-control-wrap iform2-mesaj\"><textarea name=\"iform2-mesaj\" cols=\"40\" rows=\"10\" class=\"wpcf7-form-control wpcf7-textarea m-mesaj\" id=\"m-mesaj\" aria-invalid=\"false\"><\/textarea><\/span><\/div>\n<\/div>\n<div class=\"iform2-label col-sm-12\">\n<div class=\"panel panel-default\">\n<div class=\"panel-heading\"><i class=\"if2-icons fa fa-tag\" aria-hidden=\"true\"><\/i>Teslimat Bilgileri<\/div>\n<div class=\"panel-body\"><i class=\"f2-alan-icons fa fa-hand-o-down\" aria-hidden=\"true\"><\/i>\u00dcr\u00fcn\u00fcn Teslim Edilece\u011fini <strong>Ki\u015fi\/Kurum <\/strong> Bilgileri i\u00e7in bu alan\u0131 da doldurunuz!<\/div>\n<\/div>\n<\/div>\n<div class=\"iform2-label col-sm-12\">\n<div class=\"col-xs-12 col-md-4 iform-a1\"><i class=\"if2-icons fa fa-user\" aria-hidden=\"true\"><\/i>Teslim Alan<\/div>\n<div class=\"col-xs-12 col-md-8 iform-a2\"> <span class=\"wpcf7-form-control-wrap ifrom2-teslimat-ad\"><input type=\"text\" name=\"ifrom2-teslimat-ad\" value=\"\" size=\"40\" class=\"wpcf7-form-control wpcf7-text Teslimat-ad\" id=\"Teslimat-ad\" aria-invalid=\"false\" placeholder=\"isim\" \/><\/span><\/div>\n<\/div>\n<div class=\"iform2-label col-sm-12\">\n<div class=\"col-xs-12 col-md-4 iform-a1\"><i class=\"if2-icons fa fa-phone\" aria-hidden=\"true\"><\/i>Telefon<\/div>\n<div class=\"col-xs-12 col-md-8 iform-a2\"><span class=\"wpcf7-form-control-wrap form2-tes-tel\"><input type=\"tel\" name=\"form2-tes-tel\" value=\"\" size=\"40\" class=\"wpcf7-form-control wpcf7-text wpcf7-tel wpcf7-validates-as-tel TeslimatTel\" id=\"TeslimatTel\" aria-invalid=\"false\" placeholder=\"(530) 000 0000\" \/><\/span><\/div>\n<\/div>\n<div class=\"iform2-label col-sm-12\">\n<div class=\"col-xs-12 col-md-4 iform-a1\"><i class=\"if2-icons fa fa-envelope\" aria-hidden=\"true\"><\/i>E-Posta<\/div>\n<div class=\"col-xs-12 col-md-8 iform-a2\"> <span class=\"wpcf7-form-control-wrap if2-tes-mail\"><input type=\"email\" name=\"if2-tes-mail\" value=\"\" size=\"40\" class=\"wpcf7-form-control wpcf7-text wpcf7-email wpcf7-validates-as-email if2-tes-mail\" id=\"if2-tes-mail\" aria-invalid=\"false\" placeholder=\"Mail\" \/><\/span>\n<\/div>\n<\/div>\n<div class=\"iform2-label col-sm-12\">\n<div class=\"col-xs-12 col-md-4 iform-a1\"><i class=\"if2-icons fa fa-shopping-cart\" aria-hidden=\"true\"><\/i>Sipari\u015f Edilen \u00dcr\u00fcn<\/div>\n<div class=\"col-xs-12 col-md-8 iform-a2\"><span class=\"wpcf7-form-control-wrap iform2-tes-urun\"><textarea name=\"iform2-tes-urun\" cols=\"40\" rows=\"10\" class=\"wpcf7-form-control wpcf7-textarea urunbilgileri\" id=\"urunbilgileri\" aria-invalid=\"false\" placeholder=\"\u00fcr\u00fcn bilgileri\"><\/textarea><\/span><\/div>\n<\/div>\n<div class=\"iform2-label col-sm-12\">\n<div class=\"col-xs-12 col-md-4 iform-a1\"><i class=\"if2-icons fa fa-clipboard\" aria-hidden=\"true\"><\/i>Miktar\u0131 (m2\/adet)<\/div>\n<div class=\"col-xs-12 col-md-8 iform-a2\"> <span class=\"wpcf7-form-control-wrap ifrom2-teslimat-miktar\"><input type=\"text\" name=\"ifrom2-teslimat-miktar\" value=\"\" size=\"40\" class=\"wpcf7-form-control wpcf7-text Teslimat-miktar\" id=\"Teslimat-miktar\" aria-invalid=\"false\" placeholder=\"m2 yada adet\" \/><\/span><\/div>\n<\/div>\n<div class=\"iform2-label col-sm-12\">\n<div class=\"col-xs-6 iform-a1\"> \u00d6deme \u015eekli <span class=\"wpcf7-form-control-wrap ifomr2-tes-odeme\"><span class=\"wpcf7-form-control wpcf7-checkbox wpcf7-exclusive-checkbox Teslimat-Odeme\" id=\"Teslimat-Odeme\"><span class=\"wpcf7-list-item first\"><label><input type=\"checkbox\" name=\"ifomr2-tes-odeme\" value=\"Kredi Kart\u0131\" \/><span class=\"wpcf7-list-item-label\">Kredi Kart\u0131<\/span><\/label><\/span><span class=\"wpcf7-list-item\"><label><input type=\"checkbox\" name=\"ifomr2-tes-odeme\" value=\"Nakit\" \/><span class=\"wpcf7-list-item-label\">Nakit<\/span><\/label><\/span><span class=\"wpcf7-list-item last\"><label><input type=\"checkbox\" name=\"ifomr2-tes-odeme\" value=\"\u00c7ek\" \/><span class=\"wpcf7-list-item-label\">\u00c7ek<\/span><\/label><\/span><\/span><\/span><\/div>\n<div class=\"col-xs-6 iform-a2\"> Kargo <span class=\"wpcf7-form-control-wrap iform2-tes-kargo\"><span class=\"wpcf7-form-control wpcf7-checkbox wpcf7-exclusive-checkbox Teslimat-kargo\" id=\"Teslimat-kargo\"><span class=\"wpcf7-list-item first\"><label><input type=\"checkbox\" name=\"iform2-tes-kargo\" value=\"Al\u0131c\u0131 \u00d6demeli\" \/><span class=\"wpcf7-list-item-label\">Al\u0131c\u0131 \u00d6demeli<\/span><\/label><\/span><span class=\"wpcf7-list-item last\"><label><input type=\"checkbox\" name=\"iform2-tes-kargo\" value=\"Pe\u015fin G\u00f6nderim\" \/><span class=\"wpcf7-list-item-label\">Pe\u015fin G\u00f6nderim<\/span><\/label><\/span><\/span><\/span> <\/div>\n<\/div>\n<div class=\"iform2-label col-sm-12 if2-label-son\">\n<span class=\"wpcf7-form-control-wrap recaptcha\" data-name=\"recaptcha\"><span data-sitekey=\"6LfBGBQiAAAAAPW69ZsE8iqG3bjMkP2n0GUeVtxX\" data-theme=\"dark\" class=\"wpcf7-form-control g-recaptcha wpcf7-recaptcha\"><\/span>\r\n<noscript>\r\n\t<div class=\"grecaptcha-noscript\">\r\n\t\t<iframe loading=\"lazy\" src=\"https:\/\/www.google.com\/recaptcha\/api\/fallback?k=6LfBGBQiAAAAAPW69ZsE8iqG3bjMkP2n0GUeVtxX\" frameborder=\"0\" scrolling=\"no\" width=\"310\" height=\"430\">\r\n\t\t<\/iframe>\r\n\t\t<textarea name=\"g-recaptcha-response\" rows=\"3\" cols=\"40\" placeholder=\"reCaptcha Response Here\">\r\n\t\t<\/textarea>\r\n\t<\/div>\r\n<\/noscript>\r\n<\/span>\n<div class=\"col-xs-12 col-sm-4 iform-a1\"><\/div>\n<div class=\"col-xs-12 col-sm-8 iform-a2\">\n<div class=\"f3-btn iform-a1\"><\/div>\n<div class=\"f2-btn\"><input type=\"reset\" value=\"Temizle\" class=\"if2-btn btn btn-warning\" \/><\/div>\n<div class=\"f2-btn\"><input type=\"submit\" value=\"Mesaj\u0131 G\u00f6nder\" class=\"wpcf7-form-control wpcf7-submit if2-btn\" \/><\/div>\n<\/div>\n<\/div>\n<\/div>\n<\/div>\n<div class=\"wpcf7-response-output\" aria-hidden=\"true\"><\/div><\/form><\/div>\n\n\n<\/div>","protected":false},"excerpt":{"rendered":"\u0130letisim Bilgilerimiz www.turkishacoustic.com destek@turkishacoustic.com.tr +90 (545) 139 81 69 SATIS OF\u0130S\u0130 Sancaktepe &#8211; 34887 &#8211; \u0130STANBUL &#8211; T\u00dcRK\u0130YE Hasanpa\u015fa Mah. Necip Faz\u0131l Cd. No:28\/A","protected":false},"author":1,"featured_media":135238,"parent":0,"menu_order":0,"comment_status":"closed","ping_status":"closed","template":"","meta":{"footnotes":""},"class_list":["post-36113","page","type-page","status-publish","has-post-thumbnail"],"_links":{"self":[{"href":"https:\/\/www.turkishacoustic.com\/tr\/wp-json\/wp\/v2\/pages\/36113"}],"collection":[{"href":"https:\/\/www.turkishacoustic.com\/tr\/wp-json\/wp\/v2\/pages"}],"about":[{"href":"https:\/\/www.turkishacoustic.com\/tr\/wp-json\/wp\/v2\/types\/page"}],"author":[{"embeddable":true,"href":"https:\/\/www.turkishacoustic.com\/tr\/wp-json\/wp\/v2\/users\/1"}],"replies":[{"embeddable":true,"href":"https:\/\/www.turkishacoustic.com\/tr\/wp-json\/wp\/v2\/comments?post=36113"}],"version-history":[{"count":27,"href":"https:\/\/www.turkishacoustic.com\/tr\/wp-json\/wp\/v2\/pages\/36113\/revisions"}],"predecessor-version":[{"id":137021,"href":"https:\/\/www.turkishacoustic.com\/tr\/wp-json\/wp\/v2\/pages\/36113\/revisions\/137021"}],"wp:featuredmedia":[{"embeddable":true,"href":"https:\/\/www.turkishacoustic.com\/tr\/wp-json\/wp\/v2\/media\/135238"}],"wp:attachment":[{"href":"https:\/\/www.turkishacoustic.com\/tr\/wp-json\/wp\/v2\/media?parent=36113"}],"curies":[{"name":"wp","href":"https:\/\/api.w.org\/{rel}","templated":true}]}}